{"id":9,"date":"2016-06-12T14:29:05","date_gmt":"2016-06-12T14:29:05","guid":{"rendered":"http:\/\/www.jastodesign.com\/opdahlchiropractic\/?page_id=9"},"modified":"2024-04-25T21:28:49","modified_gmt":"2024-04-26T04:28:49","slug":"back-pain","status":"publish","type":"page","link":"https:\/\/opdahlchiropractic.net\/es\/back-pain\/","title":{"rendered":"Dolor de espalda"},"content":{"rendered":"<h1>Alivio del dolor de espalda<\/h1>\r\n<h2>ESguinces y distensiones de espalda baja<\/h2>\r\n<p>Al igual que las lesiones de disco, los esguinces y las distensiones de la zona lumbar pueden deberse a un solo traumatismo importante o a microtraumatismos m\u00e1s peque\u00f1os y repetitivos. Tanto los esguinces como las torceduras implican desgarros de los tejidos del cuerpo y se clasifican seg\u00fan un grado, generalmente del 1 al 3. El grado 1 es leve e implica el desgarro de s\u00f3lo unas pocas fibras dentro del tejido. El grado 2 es una lesi\u00f3n moderada que implica desgarrar hasta 50% del tejido completo. Una lesi\u00f3n de grado 3 representa una falla total de la estructura con m\u00e1s de 50% del tejido desgarrado. Tanto los esguinces como las torceduras pueden ocurrir del mismo tipo, pero las dos lesiones se curan de manera muy diferente.<\/p>\r\n<h3>Cepas de espalda baja<\/h3>\r\n<p>Las tensiones involucran los m\u00fasculos del cuerpo. Una distensi\u00f3n tambi\u00e9n puede denominarse lesi\u00f3n de tejidos blandos. Aunque las distensiones pueden ser muy dolorosas, normalmente sanar\u00e1n en un plazo de 6 a 8 semanas. Una vez que el dolor ha mejorado, los ejercicios de rehabilitaci\u00f3n suelen ser m\u00e1s \u00fatiles para curar y prevenir futuras distensiones lumbares.<\/p>\r\n<h3>ESguinces de espalda baja<\/h3>\r\n<p>Un esguince involucra los ligamentos del cuerpo y las fibras anulares de los discos de la columna. Estos tejidos se denominan colectivamente tejidos conectivos y se curan mucho m\u00e1s lentamente que una distensi\u00f3n. Los ligamentos generalmente requieren tratamiento para evitar disfunciones y dolores significativos en el futuro. Con el tratamiento adecuado, es posible fortalecer el tejido torcido hasta el punto de que ya no tendr\u00e1 un impacto significativo en su vida.<\/p>\r\n<h3>Causa com\u00fan dolor de espalda<\/h3>\r\n<p><iframe loading=\"lazy\" src=\"https:\/\/www.youtube.com\/embed\/HQsqYeXb9dA?feature=oembed\" width=\"500\" height=\"281\" frameborder=\"0\" allowfullscreen=\"allowfullscreen\"><\/iframe><\/p>\r\n<h3>Tratamientos para aliviar el dolor de espalda<\/h3>\r\n<p>El dolor de espalda en cualquier forma puede ser doloroso e inc\u00f3modo. Tratamos de hacer que sea lo m\u00e1s f\u00e1cil posible para que usted reciba el tratamiento que tanto necesita y tenemos cinco ubicaciones para ayudarlo a acortar su viaje. Comun\u00edquese con la cl\u00ednica m\u00e1s cercana a usted para programar su cita. Estamos ubicados en Battle Ground, East Vancouver, Gresham, Hazel Dell y Woodland.\u00a0<\/p>\r\n<p><iframe loading=\"lazy\" src=\"https:\/\/www.youtube.com\/embed\/7gFzDuZedLA?feature=oembed\" width=\"500\" height=\"281\" frameborder=\"0\" allowfullscreen=\"allowfullscreen\"><\/iframe><\/p>","protected":false},"excerpt":{"rendered":"<p>Alivio del dolor de espalda ESguinces y distensiones de espalda baja Al igual que las lesiones de disco, los esguinces y las distensiones de la espalda baja pueden provenir de un solo traumatismo importante o de microtraumatismos m\u00e1s peque\u00f1os y repetitivos. Tanto los esguinces como las torceduras implican desgarros de los tejidos del cuerpo y se clasifican seg\u00fan un grado, generalmente del 1 al 3. El grado 1 es leve e implica...<\/p>","protected":false},"author":2,"featured_media":0,"parent":0,"menu_order":0,"comment_status":"closed","ping_status":"closed","template":"tpl-sidebar.php","meta":{"_seopress_robots_primary_cat":"","_seopress_titles_title":"Back Pain - Opdahl Chiropractic &amp; Massage","_seopress_titles_desc":"","_seopress_robots_index":"","inline_featured_image":false,"footnotes":""},"class_list":["post-9","page","type-page","status-publish","hentry"],"_links":{"self":[{"href":"https:\/\/opdahlchiropractic.net\/es\/wp-json\/wp\/v2\/pages\/9","targetHints":{"allow":["GET"]}}],"collection":[{"href":"https:\/\/opdahlchiropractic.net\/es\/wp-json\/wp\/v2\/pages"}],"about":[{"href":"https:\/\/opdahlchiropractic.net\/es\/wp-json\/wp\/v2\/types\/page"}],"author":[{"embeddable":true,"href":"https:\/\/opdahlchiropractic.net\/es\/wp-json\/wp\/v2\/users\/2"}],"replies":[{"embeddable":true,"href":"https:\/\/opdahlchiropractic.net\/es\/wp-json\/wp\/v2\/comments?post=9"}],"version-history":[{"count":8,"href":"https:\/\/opdahlchiropractic.net\/es\/wp-json\/wp\/v2\/pages\/9\/revisions"}],"predecessor-version":[{"id":1068,"href":"https:\/\/opdahlchiropractic.net\/es\/wp-json\/wp\/v2\/pages\/9\/revisions\/1068"}],"wp:attachment":[{"href":"https:\/\/opdahlchiropractic.net\/es\/wp-json\/wp\/v2\/media?parent=9"}],"curies":[{"name":"wp","href":"https:\/\/api.w.org\/{rel}","templated":true}]}}