{"id":49,"date":"2016-06-12T14:34:39","date_gmt":"2016-06-12T14:34:39","guid":{"rendered":"http:\/\/www.jastodesign.com\/opdahlchiropractic\/?page_id=49"},"modified":"2023-12-06T13:30:49","modified_gmt":"2023-12-06T21:30:49","slug":"office-hours-2","status":"publish","type":"page","link":"https:\/\/opdahlchiropractic.net\/es\/contact\/office-hours-2\/","title":{"rendered":"Horas de oficina"},"content":{"rendered":"<h1>\n\t\tHorario de la cl\u00ednica\u00a0\n\t<\/h1>\n\t<ul>\n\t\t<li><h3>Lunes: 9 am \u2013 6 pm<\/h3><\/li><li><h3>Martes: 9 am \u2013 6 pm<\/h3><\/li><li><h3>Mi\u00e9rcoles: 9 am \u2013 6 pm<\/h3><\/li><li><h3>Jueves: 9 am \u2013 6 pm<\/h3><\/li><li><h3>Viernes: 9 am \u2013 12 mediod\u00eda<\/h3><\/li><li><h3>S\u00e1bado y domingo cerrado<\/h3><\/li>\t<\/ul>\n\t\t\t<h3>Preguntas frecuentes sobre el horario de la cl\u00ednica<\/h3>\t\t\t\n\t<iframe loading=\"lazy\" width=\"500\" height=\"281\" src=\"https:\/\/www.youtube.com\/embed\/0XFatvv-bLA?feature=oembed\" frameborder=\"0\" allowfullscreen><\/iframe>","protected":false},"excerpt":{"rendered":"<p>Horario de la cl\u00ednica Lunes: 9 am \u2013 6 pm Martes: 9 am \u2013 6 pm Mi\u00e9rcoles: 9 am \u2013 6 pm Jueves: 9 am \u2013 6 pm Viernes: 9 am \u2013 12 mediod\u00eda S\u00e1bado y domingo Horario de la cl\u00ednica cerrada Preguntas frecuentes<\/p>","protected":false},"author":2,"featured_media":0,"parent":45,"menu_order":0,"comment_status":"closed","ping_status":"closed","template":"tpl-sidebar.php","meta":{"_seopress_robots_primary_cat":"","_seopress_titles_title":"","_seopress_titles_desc":"","_seopress_robots_index":"","inline_featured_image":false,"footnotes":""},"class_list":["post-49","page","type-page","status-publish","hentry"],"_links":{"self":[{"href":"https:\/\/opdahlchiropractic.net\/es\/wp-json\/wp\/v2\/pages\/49","targetHints":{"allow":["GET"]}}],"collection":[{"href":"https:\/\/opdahlchiropractic.net\/es\/wp-json\/wp\/v2\/pages"}],"about":[{"href":"https:\/\/opdahlchiropractic.net\/es\/wp-json\/wp\/v2\/types\/page"}],"author":[{"embeddable":true,"href":"https:\/\/opdahlchiropractic.net\/es\/wp-json\/wp\/v2\/users\/2"}],"replies":[{"embeddable":true,"href":"https:\/\/opdahlchiropractic.net\/es\/wp-json\/wp\/v2\/comments?post=49"}],"version-history":[{"count":9,"href":"https:\/\/opdahlchiropractic.net\/es\/wp-json\/wp\/v2\/pages\/49\/revisions"}],"predecessor-version":[{"id":970,"href":"https:\/\/opdahlchiropractic.net\/es\/wp-json\/wp\/v2\/pages\/49\/revisions\/970"}],"up":[{"embeddable":true,"href":"https:\/\/opdahlchiropractic.net\/es\/wp-json\/wp\/v2\/pages\/45"}],"wp:attachment":[{"href":"https:\/\/opdahlchiropractic.net\/es\/wp-json\/wp\/v2\/media?parent=49"}],"curies":[{"name":"wp","href":"https:\/\/api.w.org\/{rel}","templated":true}]}}