{"id":43,"date":"2016-06-12T14:33:44","date_gmt":"2016-06-12T14:33:44","guid":{"rendered":"http:\/\/www.jastodesign.com\/opdahlchiropractic\/?page_id=43"},"modified":"2024-12-04T14:44:02","modified_gmt":"2024-12-04T22:44:02","slug":"meet-the-doctors","status":"publish","type":"page","link":"https:\/\/opdahlchiropractic.net\/es\/meet-the-doctors\/","title":{"rendered":"Conozca a los doctores"},"content":{"rendered":"<h1>\n\t\tConozca al Dr. Thomas Opdahl - Cl\u00ednica Battle Ground\n\t<\/h1>\n\t\t\t\t<img loading=\"lazy\" decoding=\"async\" src=\"https:\/\/opdahlchiropractic.net\/wp-content\/uploads\/2020\/09\/Dr.-Opdahl-headshot-200x300.jpg\" alt=\"Dr. Opdahl\" itemprop=\"image\" height=\"300\" width=\"200\" title=\"Dr. Opdahl\" onerror=\"this.style.display='none'\"  \/>\n\t<p>El Dr. Tom Opdahl es un quiropr\u00e1ctico desde hace mucho tiempo y presta servicios en el \u00e1rea de Battle Ground y el norte del condado de Clark durante m\u00e1s de 22 a\u00f1os. Su experiencia educativa incluye una licenciatura de BYU y un doctorado en medicina quiropr\u00e1ctica de Palmer Chiropractic College en Davenport, IA.<\/p>\n<p>El Dr. Opdahl se especializa en dolor de espalda, dolor de cuello y dolores de cabeza, con \u00e9nfasis en ayudar a los pacientes con accidentes automovil\u00edsticos a regresar a la condici\u00f3n previa al accidente. Su especialidad es encontrar problemas de ra\u00edz y crear resultados a largo plazo.<\/p>\n<p>Est\u00e1 muy involucrado en la comunidad a trav\u00e9s de organizaciones de servicio, grupos comunitarios e intereses personales. El trabajo anterior incluye: North County Food Bank, Boy Scouts of America, C\u00e1mara de Comercio, Battle Ground Harvest Days y el Battle Ground Health Center &amp; Help Local Homeless Kids Project organizado por el distrito escolar.<\/p>\n<p>En su tiempo libre le gusta pasar tiempo con su esposa e hijos. Adem\u00e1s de cuidar a los pacientes, le encanta entrenar, jugar, ver baloncesto, observar las actividades deportivas de sus hijos y trabajar en su excavadora.<\/p>\n\t\t\t<h3>Por qu\u00e9 me convert\u00ed en quiropr\u00e1ctico<\/h3>\t\t\t\n\t<iframe loading=\"lazy\" width=\"500\" height=\"281\" src=\"https:\/\/www.youtube.com\/embed\/eMf5_nYSiww?feature=oembed\" frameborder=\"0\" allowfullscreen><\/iframe>\n\t\t\t<h3>Un poco sobre mi familia<\/h3>\t\t\t\n\t<iframe loading=\"lazy\" width=\"500\" height=\"281\" src=\"https:\/\/www.youtube.com\/embed\/rjOfHC_N48k?feature=oembed\" frameborder=\"0\" allowfullscreen><\/iframe>\n\t\t\t<h3>Participaci\u00f3n de la comunidad<\/h3>\t\t\t\n\t<iframe loading=\"lazy\" width=\"500\" height=\"281\" src=\"https:\/\/www.youtube.com\/embed\/0RLogccAKFI?feature=oembed\" frameborder=\"0\" allowfullscreen><\/iframe>\n\t\t\t<h3>Afiliaciones Profesionales<\/h3>\t\t\t\n\t<iframe loading=\"lazy\" width=\"500\" height=\"281\" src=\"https:\/\/www.youtube.com\/embed\/OIe30f1vLaI?feature=oembed\" frameborder=\"0\" allowfullscreen><\/iframe>\n\t\t\t<h3>Educaci\u00f3n<\/h3>\t\t\t\n\t<iframe loading=\"lazy\" width=\"500\" height=\"281\" src=\"https:\/\/www.youtube.com\/embed\/DvcfMom8sQY?feature=oembed\" frameborder=\"0\" allowfullscreen><\/iframe>\n<h1>\n\t\tConozca al Dr. Ty Pincock - Cl\u00ednica Battle Ground\n\t<\/h1>\n\t\t\t\t<img decoding=\"async\" src=\"https:\/\/opdahlchiropractic.net\/wp-content\/uploads\/2023\/11\/Pincock-Headshot-1-6.jpg\" alt=\"Pincock Headshot 1\" itemprop=\"image\" title=\"Pincock tiro en la cabeza 1\" onerror=\"this.style.display='none'\"  \/>\n\t<p>Conozca al Dr. Ty Pincock, un quiropr\u00e1ctico dedicado, apasionado por la medicina conservadora y un fuerte compromiso con los valores familiares. Continu\u00f3 su trayectoria acad\u00e9mica en la Universidad Brigham Young-Idaho y luego se gradu\u00f3 en Quiropr\u00e1ctica de la Universidad de Western States.<\/p>\n<p>El Dr. Pincock aporta una perspectiva \u00fanica a su pr\u00e1ctica. Su comprensi\u00f3n de las demandas f\u00edsicas de los deportes, particularmente el golf y el f\u00fatbol, le permite adaptar su atenci\u00f3n quiropr\u00e1ctica a las necesidades espec\u00edficas de estos atletas. Se dedica a ayudar a las personas a lograr un rendimiento y bienestar \u00f3ptimos mediante ajustes quiropr\u00e1cticos y planes de tratamiento personalizados.<\/p>\n<p>M\u00e1s all\u00e1 de sus actividades profesionales, el Dr. Pincock disfruta de su papel como padre de dos ni\u00f1os maravillosos. La familia es la piedra angular de su vida y disfruta cada oportunidad de crear recuerdos duraderos con sus seres queridos. El Dr. Pincock y su esposa hicieron del noroeste su hogar, inspirados por sus ra\u00edces en la zona y su amor compartido por el clima templado.<\/p>\n<h1>\n\t\tConozca al Dr. Kyle Williams - Cl\u00ednica Battle Ground\n\t<\/h1>\n\t\t\t\t<img decoding=\"async\" src=\"https:\/\/opdahlchiropractic.net\/wp-content\/uploads\/2024\/02\/Williams-Headshot-1.jpg\" alt=\"Dr. Kyle Williams\" itemprop=\"image\" title=\"Dr.Kyle Williams\" onerror=\"this.style.display='none'\"  \/>\n\tEl Dr. Kyle Williams naci\u00f3 y creci\u00f3 en Olympia, Washington, donde descubri\u00f3 de primera mano los beneficios de la atenci\u00f3n quiropr\u00e1ctica, lo que despert\u00f3 su pasi\u00f3n por la medicina f\u00edsica. Graduado de la Universidad de Western States en Portland, Oreg\u00f3n, el Dr. Williams se dedica a atender a pacientes de todas las edades y or\u00edgenes con planes de atenci\u00f3n personalizados que se centran en llegar a la causa ra\u00edz de su malestar y dolor. Utiliza t\u00e9cnicas diversificadas, mesa de ca\u00edda y alternativas de ajuste de baja fuerza. Fuera de la cl\u00ednica, el Dr. Williams disfruta crear e interpretar m\u00fasica, practicar una amplia variedad de deportes recreativos y, sobre todo, pasar tiempo de calidad con su esposa y sus 3 hijos.\n<h1>\n\t\tConozca al Dr. Rich Ward \u2013 <a href=\"https:\/\/opdahlchiropractic.net\/es\/woodland\/\">Cl\u00ednica del bosque<\/a>\n\t<\/h1>\n\t\t\t\t<img decoding=\"async\" src=\"https:\/\/opdahlchiropractic.net\/wp-content\/uploads\/2023\/11\/Ward-Headshot.jpg\" alt=\"Ward Headshot\" itemprop=\"image\" title=\"Disparo a la cabeza\" onerror=\"this.style.display='none'\"  \/>\n\t<p>El Dr. Rich Ward se gradu\u00f3 de Life West en 2003 e inmediatamente despu\u00e9s comenz\u00f3 su pr\u00e1ctica en el condado de Pierce. En 2022, se uni\u00f3 a Opdahl Chiropractic y tiene una amplia experiencia en el tratamiento de pacientes.<\/p>\n<p>Adem\u00e1s de ser un excelente practicante para tratar el dolor de espalda, cuello y dolores de cabeza, el Dr. Ward es experto en aliviar los dolores y problemas asociados con accidentes automovil\u00edsticos y le gusta trabajar en las extremidades. Est\u00e1 certificado en Atlas Ortogonal y tiene formaci\u00f3n en Biof\u00edsica Quiropr\u00e1ctica (CBP).<\/p>\n<p>A lo largo de los a\u00f1os, ha encontrado muchas oportunidades para servir a su comunidad, especialmente dentro de su iglesia. Fuera de la pr\u00e1ctica, el Dr. Ward disfruta del tiempo con su familia acampando, realizando actividades acu\u00e1ticas y asistiendo a conciertos. Su objetivo es ayudarte a obtener los mejores resultados para que puedas vivir la vida que deseas.<\/p>\n<h1>\n\t\tConozca al Dr. Gregg Lackey \u2013 <a href=\"https:\/\/opdahlchiropractic.net\/es\/east-vancouver\/\">Cl\u00ednica del este de Vancouver<\/a>\n\t<\/h1>\n\t\t\t\t<img decoding=\"async\" src=\"https:\/\/opdahlchiropractic.net\/wp-content\/uploads\/2022\/09\/Lackey-Headshot.jpg\" alt=\"Lackey Headshot\" itemprop=\"image\" title=\"Lacayo en la cabeza\" onerror=\"this.style.display='none'\"  \/>\n\t<p>El Dr. Gregg Lackey es un quiropr\u00e1ctico que presta servicios en Vancouver y sus alrededores durante m\u00e1s de dos d\u00e9cadas. Graduado en 1995 de la Universidad de Westerns States, aporta una gran cantidad de conocimientos y experiencia a Opdahl Chiropractic.\u00a0\u00a0\u00a0<\/p>\n<p>Est\u00e1 comprometido a brindar soluciones quiropr\u00e1cticas que aborden sus necesidades espec\u00edficas, ya sea que experimente dolor de espalda, dolor de cuello, dolores de cabeza o incluso rigidez y tensi\u00f3n muscular. Atiende a una amplia gama de pacientes con diversas lesiones. Educa a sus pacientes sobre la capacidad del cuerpo para curarse a s\u00ed mismo y el importante papel que desempe\u00f1a la quiropr\u00e1ctica en la curaci\u00f3n. \u00a0<\/p>\n<p>Es posible que est\u00e9 buscando alivio para el dolor despu\u00e9s de un accidente, una lesi\u00f3n o si padece una afecci\u00f3n espec\u00edfica, como dolor de espalda cr\u00f3nico o una afecci\u00f3n de la columna. Incluso si busca mejorar su salud general, \u00a1el Dr. Lackey puede ayudarlo a alcanzar sus objetivos de bienestar diarios! Se mantiene actualizado con las \u00faltimas investigaciones sobre rehabilitaci\u00f3n de la columna y anima a sus pacientes a utilizar ejercicios de rehabilitaci\u00f3n, tracci\u00f3n y masajes de tejidos blandos para sanar y volver a un estilo de vida activo.\u00a0\u00a0<\/p>\n<p>&nbsp;<\/p>\n<h1>\n\t\tConozca al Dr. Neal Stumpf \u2013 <a href=\"https:\/\/opdahlchiropractic.net\/es\/gresham\/\">Cl\u00ednica Gresham<\/a> &#8211; <a href=\"https:\/\/opdahlchiropractic.net\/es\/hazel-dell\/\">Cl\u00ednica Hazel Dell<\/a>\n\t<\/h1>\n\t\t\t\t<img loading=\"lazy\" decoding=\"async\" src=\"https:\/\/opdahlchiropractic.net\/wp-content\/uploads\/2024\/04\/UWS-Grads-79-scaled.jpg\" alt=\"Dr. Neal Stumpf DC\" itemprop=\"image\" height=\"2560\" width=\"1707\" title=\"Dr. Neal Stumpf DC\" onerror=\"this.style.display='none'\"  \/>\n\t<p>El Dr. Neal Stumpf, originario del suroeste de Washington, descubri\u00f3 su pasi\u00f3n por la quiropr\u00e1ctica como un medio para restaurar y mantener la funci\u00f3n \u00f3ptima del cuerpo humano. Graduado con su t\u00edtulo de Doctor en Quiropr\u00e1ctica de la prestigiosa Universidad de Western States en 2014, el Dr. Stumpf se embarc\u00f3 en un viaje dedicado a mejorar vidas a trav\u00e9s de la atenci\u00f3n quiropr\u00e1ctica.<\/p>\n<p>Con un profundo aprecio por la naturaleza, el Dr. Stumpf disfruta de sus d\u00edas libres explorando los pintorescos paisajes de Oreg\u00f3n y apreciando momentos con su querida familia.<\/p>\n<p>Durante la \u00faltima d\u00e9cada, el Dr. Stumpf ha prestado servicios diligentemente a la comunidad de Portland, Oreg\u00f3n, especializ\u00e1ndose en el tratamiento de pacientes que se recuperan de accidentes automovil\u00edsticos. Ahora, aporta su gran experiencia y su enfoque compasivo a Opdahl Chiropractic en Gresham, enriqueciendo las vidas de las personas que buscan curaci\u00f3n y bienestar hol\u00edsticos.<\/p>","protected":false},"excerpt":{"rendered":"<p>Conozca al Dr. Thomas Opdahl - Cl\u00ednica Battle Ground El Dr. Tom Opdahl es un quiropr\u00e1ctico desde hace mucho tiempo y presta servicios en el \u00e1rea de Battle Ground y el norte del condado de Clark durante m\u00e1s de 22 a\u00f1os. Su experiencia educativa incluye una licenciatura de BYU y un doctorado en medicina quiropr\u00e1ctica de Palmer Chiropractic College en Davenport, IA. El Dr. Opdahl se especializa en\u2026<\/p>","protected":false},"author":2,"featured_media":0,"parent":0,"menu_order":0,"comment_status":"closed","ping_status":"closed","template":"tpl-sidebar.php","meta":{"_seopress_robots_primary_cat":"","_seopress_titles_title":"","_seopress_titles_desc":"","_seopress_robots_index":"","inline_featured_image":false,"footnotes":""},"class_list":["post-43","page","type-page","status-publish","hentry"],"_links":{"self":[{"href":"https:\/\/opdahlchiropractic.net\/es\/wp-json\/wp\/v2\/pages\/43","targetHints":{"allow":["GET"]}}],"collection":[{"href":"https:\/\/opdahlchiropractic.net\/es\/wp-json\/wp\/v2\/pages"}],"about":[{"href":"https:\/\/opdahlchiropractic.net\/es\/wp-json\/wp\/v2\/types\/page"}],"author":[{"embeddable":true,"href":"https:\/\/opdahlchiropractic.net\/es\/wp-json\/wp\/v2\/users\/2"}],"replies":[{"embeddable":true,"href":"https:\/\/opdahlchiropractic.net\/es\/wp-json\/wp\/v2\/comments?post=43"}],"version-history":[{"count":49,"href":"https:\/\/opdahlchiropractic.net\/es\/wp-json\/wp\/v2\/pages\/43\/revisions"}],"predecessor-version":[{"id":1307,"href":"https:\/\/opdahlchiropractic.net\/es\/wp-json\/wp\/v2\/pages\/43\/revisions\/1307"}],"wp:attachment":[{"href":"https:\/\/opdahlchiropractic.net\/es\/wp-json\/wp\/v2\/media?parent=43"}],"curies":[{"name":"wp","href":"https:\/\/api.w.org\/{rel}","templated":true}]}}