{"id":37,"date":"2016-06-12T14:32:49","date_gmt":"2016-06-12T14:32:49","guid":{"rendered":"http:\/\/www.jastodesign.com\/opdahlchiropractic\/?page_id=37"},"modified":"2024-07-23T14:48:24","modified_gmt":"2024-07-23T21:48:24","slug":"first-visit","status":"publish","type":"page","link":"https:\/\/opdahlchiropractic.net\/es\/insurance-faq\/first-visit\/","title":{"rendered":"Primera visita"},"content":{"rendered":"<h1>\n\t\tExperiencia de primera visita para pacientes nuevos\n\t<\/h1>\n\t\t\t<h3>Qu\u00e9 esperar en tu primera visita<\/h3>\t\t\t\n\t<iframe loading=\"lazy\" width=\"500\" height=\"281\" src=\"https:\/\/www.youtube.com\/embed\/r84FnLEK5To?feature=oembed\" frameborder=\"0\" allowfullscreen><\/iframe>\n\t<p>\u00a1Bienvenidos a nuestra pr\u00e1ctica! Soy el Dr. Opdahl y me complace guiarlo en su primera visita con nosotros.<\/p>\n<p>Para comenzar, tendremos una breve consulta donde discutiremos su historial m\u00e9dico y sus inquietudes.<\/p>\n<p>Despu\u00e9s de eso, realizaremos un examen exhaustivo para evaluar su condici\u00f3n. Al final de este examen, comprenderemos m\u00e1s claramente si la atenci\u00f3n quiropr\u00e1ctica puede beneficiarlo.<\/p>\n<p>Si determinamos que su problema queda fuera del alcance de la atenci\u00f3n quiropr\u00e1ctica, tenga la seguridad de que lo derivaremos a un m\u00e9dico de confianza de nuestra red que pueda brindarle el tratamiento adecuado.<\/p>\n<p>Sin embargo, si su condici\u00f3n es una que podemos abordar, podemos proceder con m\u00e1s pruebas de diagn\u00f3stico, como radiograf\u00edas, para obtener una comprensi\u00f3n integral de su situaci\u00f3n.<\/p>\n<p>Una vez que hayamos identificado el problema y confirmado que la atenci\u00f3n quiropr\u00e1ctica es adecuada para usted, no perderemos tiempo en iniciar el tratamiento. Su comodidad y alivio del dolor son nuestras principales prioridades y nos esforzamos por brindar una atenci\u00f3n r\u00e1pida y eficaz.<\/p>\n<p>Si experimentas alguna incomodidad o incertidumbre, no dudes en <a href=\"https:\/\/opdahlchiropractic.net\/es\/contact\/\">contactanos<\/a>Estamos aqu\u00ed para brindar orientaci\u00f3n y apoyo en cada paso del camino.<\/p>\n<p>No dudes en darnos un <a href=\"tel:3606666001\">llamar<\/a> Si necesita ayuda, nos comprometemos a ayudarle a lograr una salud y un bienestar \u00f3ptimos.<\/p>","protected":false},"excerpt":{"rendered":"<p>Experiencia de primera visita para pacientes nuevos Qu\u00e9 esperar en su primera visita \u00a1Bienvenido a nuestra pr\u00e1ctica! Soy el Dr. Opdahl y me complace guiarlo en su primera visita con nosotros. Para comenzar, tendremos una breve consulta donde discutiremos su historial m\u00e9dico y sus inquietudes. Despu\u00e9s de eso, realizaremos un examen exhaustivo para evaluar...<\/p>","protected":false},"author":2,"featured_media":0,"parent":35,"menu_order":0,"comment_status":"closed","ping_status":"closed","template":"tpl-sidebar.php","meta":{"_seopress_robots_primary_cat":"","_seopress_titles_title":"Your First Visit: What to Expect at Our Chiropractic Office","_seopress_titles_desc":"Discover what to expect during your first visit to our chiropractic office. From consultation to treatment, we're here to help you find relief.","_seopress_robots_index":"","inline_featured_image":false,"footnotes":""},"class_list":["post-37","page","type-page","status-publish","hentry"],"_links":{"self":[{"href":"https:\/\/opdahlchiropractic.net\/es\/wp-json\/wp\/v2\/pages\/37","targetHints":{"allow":["GET"]}}],"collection":[{"href":"https:\/\/opdahlchiropractic.net\/es\/wp-json\/wp\/v2\/pages"}],"about":[{"href":"https:\/\/opdahlchiropractic.net\/es\/wp-json\/wp\/v2\/types\/page"}],"author":[{"embeddable":true,"href":"https:\/\/opdahlchiropractic.net\/es\/wp-json\/wp\/v2\/users\/2"}],"replies":[{"embeddable":true,"href":"https:\/\/opdahlchiropractic.net\/es\/wp-json\/wp\/v2\/comments?post=37"}],"version-history":[{"count":10,"href":"https:\/\/opdahlchiropractic.net\/es\/wp-json\/wp\/v2\/pages\/37\/revisions"}],"predecessor-version":[{"id":1295,"href":"https:\/\/opdahlchiropractic.net\/es\/wp-json\/wp\/v2\/pages\/37\/revisions\/1295"}],"up":[{"embeddable":true,"href":"https:\/\/opdahlchiropractic.net\/es\/wp-json\/wp\/v2\/pages\/35"}],"wp:attachment":[{"href":"https:\/\/opdahlchiropractic.net\/es\/wp-json\/wp\/v2\/media?parent=37"}],"curies":[{"name":"wp","href":"https:\/\/api.w.org\/{rel}","templated":true}]}}