{"id":35,"date":"2016-06-12T14:32:33","date_gmt":"2016-06-12T14:32:33","guid":{"rendered":"http:\/\/www.jastodesign.com\/opdahlchiropractic\/?page_id=35"},"modified":"2023-03-11T11:21:13","modified_gmt":"2023-03-11T19:21:13","slug":"insurance-faq","status":"publish","type":"page","link":"https:\/\/opdahlchiropractic.net\/es\/insurance-faq\/","title":{"rendered":"Preguntas frecuentes sobre seguros"},"content":{"rendered":"<h1>Preguntas frecuentes sobre seguros<\/h1>\r\n<h3>\u00bfTOMAS MI SEGURO?<\/h3>\r\n<p>Aceptamos la mayor\u00eda de los seguros m\u00e9dicos importantes, todos los seguros de autom\u00f3viles y todos los seguros de compensaci\u00f3n laboral de Washington y Oreg\u00f3n. Si tiene dolor por cualquier tipo de lesi\u00f3n y desea saber si su visita est\u00e1 cubierta, ll\u00e1menos para analizar sus beneficios.<\/p>\r\n<p><iframe loading=\"lazy\" src=\"https:\/\/www.youtube.com\/embed\/rc8jOp_64pg?feature=oembed\" width=\"500\" height=\"281\" frameborder=\"0\" allowfullscreen=\"allowfullscreen\"><\/iframe><\/p>\r\n<h3>\u00bfCu\u00e1nto cuesta el tratamiento?<\/h3>\r\n<p>El costo de su atenci\u00f3n depende de los procedimientos que su m\u00e9dico determine que necesita. Adem\u00e1s, si tiene seguro, el costo de su atenci\u00f3n depender\u00e1 de los valores de su deducible, copago y coseguro para su plan individual. Ll\u00e1menos si desea analizar qu\u00e9 cubre su seguro.<\/p>\r\n<p>Por lo general, el seguro de autom\u00f3vil y el seguro de compensaci\u00f3n laboral cubren todos los costos de atenci\u00f3n de su lesi\u00f3n. Hay varios factores involucrados en la resoluci\u00f3n de este tipo de saldo y trabajaremos mano a mano con usted.<\/p>\r\n<p><iframe loading=\"lazy\" src=\"https:\/\/www.youtube.com\/embed\/f3k-_fubaUc?feature=oembed\" width=\"500\" height=\"281\" frameborder=\"0\" allowfullscreen=\"allowfullscreen\"><\/iframe><\/p>\r\n<h3>\u00bfCu\u00e1ntas visitas cubrir\u00e1 el seguro?<\/h3>\r\n<p>Escuchamos esta pregunta todo el tiempo. La mayor\u00eda de los seguros m\u00e9dicos importantes cubren entre 10 y 30 visitas por a\u00f1o, pero el monto real depender\u00e1 de su plan espec\u00edfico.<\/p>\r\n<p>El seguro contra accidentes automovil\u00edsticos cubrir\u00e1 tantas visitas como su m\u00e9dico y su equipo de atenci\u00f3n determinen que son necesarias.<\/p>\r\n<p>La compensaci\u00f3n laboral del estado de Washington cubrir\u00e1 al menos 12 visitas y, dependiendo de su problema espec\u00edfico, autorizar\u00e1n m\u00e1s visitas.<\/p>\r\n<p>Medicare tambi\u00e9n cubre tantas visitas como sean m\u00e9dicamente necesarias. Existen criterios espec\u00edficos que deben cumplirse con Medicare, pero su m\u00e9dico determinar\u00e1 cu\u00e1ntas visitas son necesarias para usted. Ll\u00e1menos hoy si tiene alguna pregunta o est\u00e1 listo para comenzar a sentirse mejor.<\/p>\r\n<p><iframe loading=\"lazy\" src=\"https:\/\/www.youtube.com\/embed\/jvCQtZfB1Fw?feature=oembed\" width=\"500\" height=\"281\" frameborder=\"0\" allowfullscreen=\"allowfullscreen\"><\/iframe><\/p>","protected":false},"excerpt":{"rendered":"<p>Preguntas frecuentes sobre seguros \u00bfTOMAS MI SEGURO? Aceptamos la mayor\u00eda de los seguros m\u00e9dicos importantes, todos los seguros de autom\u00f3viles y todos los seguros de compensaci\u00f3n laboral de Washington y Oreg\u00f3n. Si tiene dolor por cualquier tipo de lesi\u00f3n y desea saber si su visita est\u00e1 cubierta, ll\u00e1menos para analizar sus beneficios. \u00bfCu\u00e1nto cuesta el tratamiento al\u2026?<\/p>","protected":false},"author":2,"featured_media":0,"parent":0,"menu_order":0,"comment_status":"closed","ping_status":"closed","template":"tpl-sidebar.php","meta":{"_seopress_robots_primary_cat":"","_seopress_titles_title":"","_seopress_titles_desc":"","_seopress_robots_index":"","inline_featured_image":false,"footnotes":""},"class_list":["post-35","page","type-page","status-publish","hentry"],"_links":{"self":[{"href":"https:\/\/opdahlchiropractic.net\/es\/wp-json\/wp\/v2\/pages\/35","targetHints":{"allow":["GET"]}}],"collection":[{"href":"https:\/\/opdahlchiropractic.net\/es\/wp-json\/wp\/v2\/pages"}],"about":[{"href":"https:\/\/opdahlchiropractic.net\/es\/wp-json\/wp\/v2\/types\/page"}],"author":[{"embeddable":true,"href":"https:\/\/opdahlchiropractic.net\/es\/wp-json\/wp\/v2\/users\/2"}],"replies":[{"embeddable":true,"href":"https:\/\/opdahlchiropractic.net\/es\/wp-json\/wp\/v2\/comments?post=35"}],"version-history":[{"count":7,"href":"https:\/\/opdahlchiropractic.net\/es\/wp-json\/wp\/v2\/pages\/35\/revisions"}],"predecessor-version":[{"id":888,"href":"https:\/\/opdahlchiropractic.net\/es\/wp-json\/wp\/v2\/pages\/35\/revisions\/888"}],"wp:attachment":[{"href":"https:\/\/opdahlchiropractic.net\/es\/wp-json\/wp\/v2\/media?parent=35"}],"curies":[{"name":"wp","href":"https:\/\/api.w.org\/{rel}","templated":true}]}}