{"id":33,"date":"2016-06-12T14:32:18","date_gmt":"2016-06-12T14:32:18","guid":{"rendered":"http:\/\/www.jastodesign.com\/opdahlchiropractic\/?page_id=33"},"modified":"2024-05-06T17:04:52","modified_gmt":"2024-05-07T00:04:52","slug":"massage","status":"publish","type":"page","link":"https:\/\/opdahlchiropractic.net\/es\/auto-injury\/massage\/","title":{"rendered":"Masaje"},"content":{"rendered":"<h1>\n\t\tAlivio de la terapia de masaje\n\t<\/h1>\n\t\t\t<h3>Qu\u00e9 esperar durante la terapia de masaje<\/h3>\t\t\t\n\t<iframe loading=\"lazy\" width=\"500\" height=\"281\" src=\"https:\/\/www.youtube.com\/embed\/-Q4JIMjZBTo?feature=oembed\" frameborder=\"0\" allowfullscreen><\/iframe>\n\t\t\t<h3>C\u00f3mo la terapia de masaje alivia el dolor muscular<\/h3>\t\t\t\n\t<iframe loading=\"lazy\" width=\"500\" height=\"281\" src=\"https:\/\/www.youtube.com\/embed\/xJjbnw8_Zdg?feature=oembed\" frameborder=\"0\" allowfullscreen><\/iframe>\n\t\t\t<h3>C\u00f3mo la terapia de masaje alivia el dolor muscular<\/h3>\t\t\t\n\t\t\t\t<p>Opdahl Chiropractic &amp; Massage ofrece masajes terap\u00e9uticos en nuestras ubicaciones de Battle Ground, East Vancouver, Gresham, Hazel Dell y Woodland. Normalmente recomendamos este tratamiento para nuestros pacientes involucrados en accidentes automovil\u00edsticos. El masaje tambi\u00e9n puede ser beneficioso para lesiones laborales o lesiones cr\u00f3nicas. Todos nuestros terapeutas tienen licencia y reciben educaci\u00f3n continua cada a\u00f1o para ayudarlo a aliviar su dolor, mejorar su rango de movimiento y ayudar a regular sus actividades de la vida diaria.\u00a0<\/p>\n\t<iframe loading=\"lazy\" width=\"500\" height=\"281\" src=\"https:\/\/www.youtube.com\/embed\/KIp4x1ZIDmM?feature=oembed\" frameborder=\"0\" allowfullscreen><\/iframe>","protected":false},"excerpt":{"rendered":"<p>Alivio de la terapia de masaje Qu\u00e9 esperar durante la terapia de masaje C\u00f3mo la terapia de masaje alivia el dolor muscular C\u00f3mo la terapia de masaje alivia el dolor muscular Opdahl Chiropractic &amp; Massage ofrece masajes terap\u00e9uticos en nuestras ubicaciones de Battle Ground, East Vancouver, Gresham, Hazel Dell y Woodland. Normalmente recomendamos este tratamiento para nuestros pacientes involucrados en accidentes automovil\u00edsticos. El masaje puede ser...<\/p>","protected":false},"author":2,"featured_media":0,"parent":29,"menu_order":0,"comment_status":"closed","ping_status":"closed","template":"tpl-sidebar.php","meta":{"_seopress_robots_primary_cat":"","_seopress_titles_title":"","_seopress_titles_desc":"","_seopress_robots_index":"","inline_featured_image":false,"footnotes":""},"class_list":["post-33","page","type-page","status-publish","hentry"],"_links":{"self":[{"href":"https:\/\/opdahlchiropractic.net\/es\/wp-json\/wp\/v2\/pages\/33","targetHints":{"allow":["GET"]}}],"collection":[{"href":"https:\/\/opdahlchiropractic.net\/es\/wp-json\/wp\/v2\/pages"}],"about":[{"href":"https:\/\/opdahlchiropractic.net\/es\/wp-json\/wp\/v2\/types\/page"}],"author":[{"embeddable":true,"href":"https:\/\/opdahlchiropractic.net\/es\/wp-json\/wp\/v2\/users\/2"}],"replies":[{"embeddable":true,"href":"https:\/\/opdahlchiropractic.net\/es\/wp-json\/wp\/v2\/comments?post=33"}],"version-history":[{"count":6,"href":"https:\/\/opdahlchiropractic.net\/es\/wp-json\/wp\/v2\/pages\/33\/revisions"}],"predecessor-version":[{"id":1136,"href":"https:\/\/opdahlchiropractic.net\/es\/wp-json\/wp\/v2\/pages\/33\/revisions\/1136"}],"up":[{"embeddable":true,"href":"https:\/\/opdahlchiropractic.net\/es\/wp-json\/wp\/v2\/pages\/29"}],"wp:attachment":[{"href":"https:\/\/opdahlchiropractic.net\/es\/wp-json\/wp\/v2\/media?parent=33"}],"curies":[{"name":"wp","href":"https:\/\/api.w.org\/{rel}","templated":true}]}}