{"id":325,"date":"2016-10-18T13:03:48","date_gmt":"2016-10-18T20:03:48","guid":{"rendered":"https:\/\/opdahlchiropractic.net\/?page_id=325"},"modified":"2022-10-10T11:38:00","modified_gmt":"2022-10-10T18:38:00","slug":"section-i","status":"publish","type":"page","link":"https:\/\/opdahlchiropractic.net\/es\/section-i\/","title":{"rendered":"Secci\u00f3n I"},"content":{"rendered":"<h1>\n\t\t\t\tPreguntas frecuentes sobre costos y seguros\n\t\t\t<\/h1>\n\t<h2>\n\t\t\t\tLAS 3 PREGUNTAS RELACIONADAS CON LOS COSTOS M\u00c1S COMUNES\n\t\t\t<\/h2>\n\t\t\t\t\t\t<h3 tabindex=\"0\">\u00bfESTAMOS EN TU PLAN DE SEGURO?<\/h3>\n\t\t\t<p>Opdahl Chiropractic acepta la mayor\u00eda de las coberturas de seguro que se ofrecen en las \u00e1reas de Washington de los condados de Clark y Cowlitz.<\/p>\n\t\t\t\t\t\t<h3 tabindex=\"0\">\u00bfCU\u00c1NTO CUESTA EL TRATAMIENTO?<\/h3>\n\t\t\t<p>Hay varias categor\u00edas financieras para los pacientes. Seguro m\u00e9dico importante, Medicare, seguro contra lesiones personales, como lesiones por accidentes automovil\u00edsticos, lesiones por compensaci\u00f3n laboral y pacientes por tiempo de servicio.<\/p>\n<p><strong>Seguro de salud:<\/strong> El pago con seguro depender\u00e1 del copago o deducible de esa p\u00f3liza en particular y todos var\u00edan.<\/p>\n<p><strong>Seguro m\u00e9dico del estado:<\/strong> El seguro de Medicare cubre la atenci\u00f3n quiropr\u00e1ctica con beneficios limitados. Sin embargo, el copago y los deducibles son relativamente bajos.<\/p>\n<p><strong>Seguro de lesiones personales:<\/strong> El seguro de lesiones personales cubre en su mayor parte la atenci\u00f3n quiropr\u00e1ctica con poco o ning\u00fan gasto de bolsillo para el paciente.<\/p>\n<p><strong>Hora de Servicio:<\/strong> Los pacientes por tiempo de servicio pueden recibir un descuento por tiempo de servicio, planes de pago y planes de descuento.<\/p>\n\t\t\t\t\t\t<h3 tabindex=\"0\">\u00bfQU\u00c9 CUBRE MI SEGURO?<\/h3>\n\t\t\t<p>Sus beneficios de atenci\u00f3n quiropr\u00e1ctica se verificar\u00e1n en su primera visita. Todas las pol\u00edticas var\u00edan y deber\u00edan verificarse individualmente. Como servicio para usted, nuestro personal puede verificar su cobertura quiropr\u00e1ctica generalmente dentro de las 24 horas.<\/p>","protected":false},"excerpt":{"rendered":"<p>PREGUNTAS FRECUENTES SOBRE COSTOS Y SEGUROS: LAS 3 PREGUNTAS M\u00c1S FRECUENTES SOBRE COSTOS: \u00bfESTAMOS INCLUIDOS EN SU PLAN DE SEGURO? Opdahl Chiropractic acepta la mayor\u00eda de las coberturas de seguro ofrecidas en las \u00e1reas de los condados de Clark y Cowlitz, Washington. \u00bfCU\u00c1NTO CUESTA EL TRATAMIENTO? Existen varias categor\u00edas financieras para los pacientes. Seguro m\u00e9dico, Medicare, seguro de lesiones personales, como el de autom\u00f3vil...<\/p>","protected":false},"author":2,"featured_media":0,"parent":0,"menu_order":0,"comment_status":"closed","ping_status":"closed","template":"","meta":{"_seopress_robots_primary_cat":"","_seopress_titles_title":"","_seopress_titles_desc":"","_seopress_robots_index":"","inline_featured_image":false,"footnotes":""},"class_list":["post-325","page","type-page","status-publish","hentry"],"_links":{"self":[{"href":"https:\/\/opdahlchiropractic.net\/es\/wp-json\/wp\/v2\/pages\/325","targetHints":{"allow":["GET"]}}],"collection":[{"href":"https:\/\/opdahlchiropractic.net\/es\/wp-json\/wp\/v2\/pages"}],"about":[{"href":"https:\/\/opdahlchiropractic.net\/es\/wp-json\/wp\/v2\/types\/page"}],"author":[{"embeddable":true,"href":"https:\/\/opdahlchiropractic.net\/es\/wp-json\/wp\/v2\/users\/2"}],"replies":[{"embeddable":true,"href":"https:\/\/opdahlchiropractic.net\/es\/wp-json\/wp\/v2\/comments?post=325"}],"version-history":[{"count":4,"href":"https:\/\/opdahlchiropractic.net\/es\/wp-json\/wp\/v2\/pages\/325\/revisions"}],"predecessor-version":[{"id":872,"href":"https:\/\/opdahlchiropractic.net\/es\/wp-json\/wp\/v2\/pages\/325\/revisions\/872"}],"wp:attachment":[{"href":"https:\/\/opdahlchiropractic.net\/es\/wp-json\/wp\/v2\/media?parent=325"}],"curies":[{"name":"wp","href":"https:\/\/api.w.org\/{rel}","templated":true}]}}