{"id":29,"date":"2016-06-12T14:31:52","date_gmt":"2016-06-12T14:31:52","guid":{"rendered":"http:\/\/www.jastodesign.com\/opdahlchiropractic\/?page_id=29"},"modified":"2024-05-10T09:29:27","modified_gmt":"2024-05-10T16:29:27","slug":"auto-injury","status":"publish","type":"page","link":"https:\/\/opdahlchiropractic.net\/es\/auto-injury\/","title":{"rendered":"Lesi\u00f3n automovil\u00edstica"},"content":{"rendered":"<h1>Alivio de lesiones automovil\u00edsticas<\/h1>\r\n<p><img decoding=\"async\" title=\"will-creswick-YH1KID3mTpY-unsplash\" src=\"https:\/\/opdahlchiropractic.net\/wp-content\/uploads\/2024\/05\/will-creswick-YH1KID3mTpY-unsplash.jpg\" alt=\"will-creswick-YH1KID3mTpY-unsplash\" \/><\/p>\r\n<h2>He tenido un accidente automovil\u00edstico, \u00bfqu\u00e9 hago?<\/h2>\r\n<p>Sufrir un accidente automovil\u00edstico nunca es f\u00e1cil, especialmente si no fue culpa tuya. Puede resultar dif\u00edcil saber qu\u00e9 hacer o c\u00f3mo buscar ayuda para sus lesiones. Estamos aqu\u00ed para ayudarte.<\/p>\r\n<p>Despu\u00e9s de una lesi\u00f3n automovil\u00edstica, es posible que tenga dolor en el cuello, espalda, hombros, caderas, rodillas, dolores de cabeza, mareos u otros problemas. Es probable que el dolor interrumpa su sue\u00f1o, dificulte su vida laboral o familiar, le impida participar en sus actividades sociales normales e incluso lo asuste cada vez que vuelva a subir al autom\u00f3vil despu\u00e9s de la lesi\u00f3n, a veces durante a\u00f1os.<\/p>\r\n<p>Las lesiones sufridas en accidentes automovil\u00edsticos pueden variar desde leves hasta muy graves y, a menudo, son debilitantes. Para complicar a\u00fan m\u00e1s la situaci\u00f3n, es posible que algunos de sus s\u00edntomas ni siquiera aparezcan durante 1 o 2 semanas despu\u00e9s de la lesi\u00f3n. Hay algunas cosas que debe tener en cuenta despu\u00e9s de sufrir un accidente:<\/p>\r\n<h2>Inmediatamente despu\u00e9s del accidente<\/h2>\r\n<p>Despu\u00e9s del choque, es normal sentirse un poco aturdido o desorientado. Cuando se recupere, intente documentar todo lo que pueda. Tome fotograf\u00edas de su veh\u00edculo, del otro veh\u00edculo, de cualquier cosa da\u00f1ada en el \u00e1rea y de la licencia de conducir y la informaci\u00f3n del seguro de la otra persona.<\/p>\r\n<p>Si tiene alguna lesi\u00f3n visible como moretones, cortes, raspaduras, hinchaz\u00f3n o si est\u00e1 sangrando, p\u00eddale a alguien que tambi\u00e9n le tome fotograf\u00edas. Si se siente lo suficientemente bien, puede irse a casa. Si siente que puede tener una lesi\u00f3n m\u00e1s grave, si su dolor es lo suficientemente intenso como para necesitar medicamentos o si los param\u00e9dicos recomiendan ir a la sala de emergencias, est\u00e1 bien buscar tratamiento en el hospital.<\/p>\r\n<p>De cualquier manera, ll\u00e1menos tan pronto como pueda programar una cita para comenzar el tratamiento de sus lesiones. Cuanto antes comience el tratamiento, m\u00e1s r\u00e1pido se recuperar\u00e1. A menudo, podemos recibirlo el mismo d\u00eda o al d\u00eda siguiente. Contamos con 5 ubicaciones para atenderte. Battle Ground, East Vancouver, Gresham, Hazel Dell y Woodland.<\/p>\r\n<p>Tambi\u00e9n es importante llamar a su compa\u00f1\u00eda de seguros lo antes posible para informar el accidente. Describe en detalle el accidente y lo que estabas haciendo justo antes y despu\u00e9s del accidente. Responda cualquier pregunta que tenga el ajustador de seguros lo mejor que pueda.<\/p>\r\n<h2>\u00bfC\u00f3mo ser\u00e1 el tratamiento?<\/h2>\r\n<p>El tratamiento despu\u00e9s de un accidente automovil\u00edstico variar\u00e1 seg\u00fan la naturaleza de sus lesiones y su gravedad. Cada paciente tambi\u00e9n responde de manera diferente, por lo que es posible que no necesite el mismo tratamiento que requieren otros pacientes. Su tratamiento tambi\u00e9n depender\u00e1 de la fase de curaci\u00f3n en la que se encuentre en el momento de su visita. Hay muchas opciones disponibles para ayudarlo a aliviar el dolor y volver a funcionar completamente despu\u00e9s de un accidente automovil\u00edstico. Despu\u00e9s de un examen exhaustivo y el historial de su accidente, su m\u00e9dico quiropr\u00e1ctico dise\u00f1ar\u00e1 un plan espec\u00edfico para usted y lo que su cuerpo necesita para sanar. Pueden recomendar ajustes, terapia de tracci\u00f3n, terapia de ejercicios, masajes terap\u00e9uticos y tratamiento con l\u00e1ser fr\u00edo. Es posible que lo deriven a uno de nuestros especialistas en lesiones que tambi\u00e9n se encuentran en cada una de nuestras 5 cl\u00ednicas. Pueden proporcionar un examen de opini\u00f3n m\u00e9dica secundaria que incluya pruebas de diagn\u00f3stico, como im\u00e1genes de ultrasonido, si es necesario. Esto ayuda a respaldar y fortalecer su caso. Nuestros especialistas pueden recomendar TPI (inyecciones en puntos gatillo) que relajan los m\u00fasculos, as\u00ed como otras terapias avanzadas que estimulan el proceso de curaci\u00f3n y recuperaci\u00f3n.<\/p>\r\n<h3>Los 3 mejores servicios para pacientes con lesiones automovil\u00edsticas<\/h3>\r\n<p><iframe loading=\"lazy\" src=\"https:\/\/www.youtube.com\/embed\/5lsnXqF93q0?feature=oembed\" width=\"500\" height=\"281\" frameborder=\"0\" allowfullscreen=\"allowfullscreen\"><\/iframe><\/p>\r\n<h3>Tratamientos para aliviar las lesiones automovil\u00edsticas<\/h3>\r\n<p><iframe loading=\"lazy\" src=\"https:\/\/www.youtube.com\/embed\/5lsnXqF93q0?feature=oembed\" width=\"500\" height=\"281\" frameborder=\"0\" allowfullscreen=\"allowfullscreen\"><\/iframe><\/p>\r\n<h3>Principales errores en lesiones automovil\u00edsticas<\/h3>\r\n<h2>\u00bfDEBO CONSEGUIR UN ABOGADO?<\/h2>\r\n<p>La respuesta corta a esta pregunta es que depende. No es necesario contratar un abogado en ning\u00fan caso de accidente automovil\u00edstico, pero para muchos puede hacer la vida mucho m\u00e1s f\u00e1cil. Cuando se trata de accidentes automovil\u00edsticos, los abogados tienen un prop\u00f3sito: quitarle la carga de tratar con las compa\u00f1\u00edas de seguros para que pueda concentrarse en mejorar. Si su accidente tiene muchos factores que lo complican o si simplemente ya no quiere tratar con las compa\u00f1\u00edas de seguros, entonces un abogado es una gran idea. Si quiere un abogado pero no sabe a qui\u00e9n acudir, h\u00e1ganoslo saber. Conocemos a varios abogados excelentes con los que hemos trabajado en el pasado y nos sentimos seguros de recomendarlos a nuestros pacientes. Si no quiere un abogado, tambi\u00e9n est\u00e1 bien. Nuestro enfoque siempre ser\u00e1 lograr que recupere su salud tanto como su cuerpo lo permita lo m\u00e1s r\u00e1pido posible, ya sea que elija tener un abogado o no.<\/p>\r\n<h2>CU\u00c1NDO RESOLVER SU RECLAMACI\u00d3N<\/h2>\r\n<p>Despu\u00e9s de un accidente, es posible que reciba llamadas o cartas frecuentes de una compa\u00f1\u00eda de seguros inst\u00e1ndole a resolver el reclamo y listo. \u00a1Esto puede ser muy frustrante! Si bien es posible que desee terminar y seguir adelante con su vida, es muy importante que no acepte un acuerdo ni cobre ning\u00fan cheque del acuerdo antes de haber terminado por completo con su cuidado. Siempre debe esperar para llegar a un acuerdo hasta que haya recibido una nota de autorizaci\u00f3n m\u00e9dica de cada proveedor que lo est\u00e9 atendiendo por el accidente. La nota de autorizaci\u00f3n m\u00e9dica simplemente indica que usted ha completado la atenci\u00f3n y que ha recuperado completamente su salud o que las lesiones restantes son permanentes. Si llega a un acuerdo antes de obtener esta exenci\u00f3n, es posible que tenga complicaciones o reca\u00eddas que ya no estar\u00e1n cubiertas por su reclamo. Si tiene alguna pregunta sobre c\u00f3mo resolver su reclamo, hable con su m\u00e9dico. Si tiene un abogado, tambi\u00e9n debe hablar con \u00e9l primero.<\/p>\r\n<p><iframe loading=\"lazy\" src=\"https:\/\/www.youtube.com\/embed\/3YC1sPRsXuU?feature=oembed\" width=\"500\" height=\"281\" frameborder=\"0\" allowfullscreen=\"allowfullscreen\"><\/iframe><\/p>\r\n<h3>Cu\u00e1ndo resolver su reclamo por lesiones<\/h3>\r\n<p><iframe loading=\"lazy\" src=\"https:\/\/www.youtube.com\/embed\/exvCdo1RJPM?feature=oembed\" width=\"500\" height=\"281\" frameborder=\"0\" allowfullscreen=\"allowfullscreen\"><\/iframe><\/p>\r\n<h3>C\u00f3mo se compensan las lesiones automovil\u00edsticas<\/h3>\r\n<p><iframe loading=\"lazy\" src=\"https:\/\/www.youtube.com\/embed\/c8LUNeJ8T_s?feature=oembed\" width=\"500\" height=\"281\" frameborder=\"0\" allowfullscreen=\"allowfullscreen\"><\/iframe><\/p>\r\n<h2><a title=\"Obtenga m\u00e1s informaci\u00f3n sobre las lesiones por latigazo cervical\" href=\"https:\/\/opdahlchiropractic.net\/es\/auto-injury\/whiplash-injury\/\" target=\"_self\" rel=\"noopener\"> Obtenga m\u00e1s informaci\u00f3n sobre las lesiones por latigazo cervical <\/a><\/h2>\r\n<h2><a title=\"Descubra c\u00f3mo la terapia de masaje puede ayudarle a recuperarse.\" href=\"https:\/\/opdahlchiropractic.net\/es\/auto-injury\/massage\/\" target=\"_self\" rel=\"noopener\"> Descubra c\u00f3mo la terapia de masaje puede ayudarle a recuperarse. <\/a><\/h2>","protected":false},"excerpt":{"rendered":"<p>Alivio por lesiones automovil\u00edsticas He tenido un accidente automovil\u00edstico, \u00bfqu\u00e9 hago? Sufrir un accidente automovil\u00edstico nunca es f\u00e1cil, especialmente si no fue culpa tuya. Puede resultar dif\u00edcil saber qu\u00e9 hacer o c\u00f3mo buscar ayuda para sus lesiones. Estamos aqu\u00ed para ayudarte. Despu\u00e9s de una lesi\u00f3n automovil\u00edstica, usted...<\/p>","protected":false},"author":2,"featured_media":1191,"parent":0,"menu_order":0,"comment_status":"closed","ping_status":"closed","template":"tpl-sidebar.php","meta":{"_seopress_robots_primary_cat":"","_seopress_titles_title":"","_seopress_titles_desc":"I've been in a car crash.  What do I do? Opdahl Expert Auto Accident Chiropractors Can Help You Heal & Recover!","_seopress_robots_index":"","inline_featured_image":false,"footnotes":""},"class_list":["post-29","page","type-page","status-publish","has-post-thumbnail","hentry"],"_links":{"self":[{"href":"https:\/\/opdahlchiropractic.net\/es\/wp-json\/wp\/v2\/pages\/29","targetHints":{"allow":["GET"]}}],"collection":[{"href":"https:\/\/opdahlchiropractic.net\/es\/wp-json\/wp\/v2\/pages"}],"about":[{"href":"https:\/\/opdahlchiropractic.net\/es\/wp-json\/wp\/v2\/types\/page"}],"author":[{"embeddable":true,"href":"https:\/\/opdahlchiropractic.net\/es\/wp-json\/wp\/v2\/users\/2"}],"replies":[{"embeddable":true,"href":"https:\/\/opdahlchiropractic.net\/es\/wp-json\/wp\/v2\/comments?post=29"}],"version-history":[{"count":14,"href":"https:\/\/opdahlchiropractic.net\/es\/wp-json\/wp\/v2\/pages\/29\/revisions"}],"predecessor-version":[{"id":1208,"href":"https:\/\/opdahlchiropractic.net\/es\/wp-json\/wp\/v2\/pages\/29\/revisions\/1208"}],"wp:featuredmedia":[{"embeddable":true,"href":"https:\/\/opdahlchiropractic.net\/es\/wp-json\/wp\/v2\/media\/1191"}],"wp:attachment":[{"href":"https:\/\/opdahlchiropractic.net\/es\/wp-json\/wp\/v2\/media?parent=29"}],"curies":[{"name":"wp","href":"https:\/\/api.w.org\/{rel}","templated":true}]}}