{"id":27,"date":"2016-06-12T14:31:31","date_gmt":"2016-06-12T14:31:31","guid":{"rendered":"http:\/\/www.jastodesign.com\/opdahlchiropractic\/?page_id=27"},"modified":"2020-08-27T11:00:32","modified_gmt":"2020-08-27T18:00:32","slug":"tmj","status":"publish","type":"page","link":"https:\/\/opdahlchiropractic.net\/es\/neck-pain\/tmj\/","title":{"rendered":"ATM"},"content":{"rendered":"<h1>\n\t\tAlivio de la ATM\n\t<\/h1>\n<h2>\n\t\tTRASTORNO DE ATM\n\t<\/h2>\n\t<p>Las articulaciones temporomandibulares (ATM) son las articulaciones a cada lado de la cara que conectan la mand\u00edbula inferior con el resto del cr\u00e1neo. Cuando esta articulaci\u00f3n se irrita puede ser muy dolorosa y causar problemas al hablar, masticar o mover la mand\u00edbula. A veces, la articulaci\u00f3n se lesiona debido a un \u00fanico evento traum\u00e1tico, como un accidente automovil\u00edstico o una lesi\u00f3n deportiva. Los impactos en la parte frontal, lateral de la mand\u00edbula o en la parte superior del cuello pueden provocar un trastorno de la ATM.<\/p>\n<p>El trastorno de la ATM tambi\u00e9n puede ser causado por posturas mantenidas de forma antinatural con la mand\u00edbula, como mantener la boca abierta durante per\u00edodos prolongados en el consultorio del dentista mientras se realiza un procedimiento. Independientemente del mecanismo exacto de la lesi\u00f3n, el dolor y la disfunci\u00f3n son los mismos. Si no se trata, esta afecci\u00f3n provoca una acumulaci\u00f3n de tejido cicatricial alrededor de la articulaci\u00f3n, lo que aumenta el dolor y la disfunci\u00f3n y, finalmente, artritis de la articulaci\u00f3n.<\/p>\n<h2>\n\t\t\u00bfME PUEDEN AYUDAR CON MI DOLOR DE CUELLO?\n\t<\/h2>\n\t<p>\u00a1S\u00ed! \u00a1Podemos ayudarle absolutamente con su dolor de cuello! El mejor tratamiento para usted depender\u00e1 de la fuente exacta que est\u00e9 causando su dolor de cuello. Nuestros m\u00e9dicos tienen capacitaci\u00f3n especial para diagnosticar y determinar el tratamiento de las diversas causas del dolor de cuello. El primer paso es visitar a uno de nuestros proveedores de atenci\u00f3n m\u00e9dica quiropr\u00e1ctica, quien determinar\u00e1 el mejor curso de atenci\u00f3n para sus necesidades individuales. Despu\u00e9s de un historial extenso de su dolor de cuello o dolor de cabeza y un examen exhaustivo, el m\u00e9dico quiropr\u00e1ctico le proporcionar\u00e1 un plan de tratamiento dise\u00f1ado espec\u00edficamente para aliviar el dolor y volver a vivir la vida m\u00e1s saludable posible. El tratamiento de las lesiones del cuello o los dolores de cabeza suele ser m\u00e1s r\u00e1pido y con mejores resultados si no se retrasa, as\u00ed que no espere para llamarnos para programar una cita si sufre de dolor de cuello o de cabeza.<\/p>\n\t\t\t<h3>Causa com\u00fan ATM<\/h3>\t\t\t\n\t<iframe loading=\"lazy\" width=\"500\" height=\"281\" src=\"https:\/\/www.youtube.com\/embed\/id1SzYOiOOA?feature=oembed\" frameborder=\"0\" allowfullscreen><\/iframe>\n\t\t\t<h3>Tratamientos para aliviar la ATM<\/h3>\t\t\t\n\t<iframe loading=\"lazy\" width=\"500\" height=\"281\" src=\"https:\/\/www.youtube.com\/embed\/znWSeRa2bRA?feature=oembed\" frameborder=\"0\" allowfullscreen><\/iframe>","protected":false},"excerpt":{"rendered":"<p>Alivio de la ATM TRASTORNO DE LA ATM Las articulaciones temporomandibulares (ATM) son las articulaciones a cada lado de la cara que conectan la mand\u00edbula inferior con el resto del cr\u00e1neo. Cuando esta articulaci\u00f3n se irrita puede ser muy dolorosa y causar problemas al hablar, masticar o mover la mand\u00edbula. A veces la articulaci\u00f3n se lesiona por...<\/p>","protected":false},"author":2,"featured_media":0,"parent":19,"menu_order":0,"comment_status":"closed","ping_status":"closed","template":"tpl-sidebar.php","meta":{"_seopress_robots_primary_cat":"","_seopress_titles_title":"","_seopress_titles_desc":"","_seopress_robots_index":"","inline_featured_image":false,"footnotes":""},"class_list":["post-27","page","type-page","status-publish","hentry"],"_links":{"self":[{"href":"https:\/\/opdahlchiropractic.net\/es\/wp-json\/wp\/v2\/pages\/27","targetHints":{"allow":["GET"]}}],"collection":[{"href":"https:\/\/opdahlchiropractic.net\/es\/wp-json\/wp\/v2\/pages"}],"about":[{"href":"https:\/\/opdahlchiropractic.net\/es\/wp-json\/wp\/v2\/types\/page"}],"author":[{"embeddable":true,"href":"https:\/\/opdahlchiropractic.net\/es\/wp-json\/wp\/v2\/users\/2"}],"replies":[{"embeddable":true,"href":"https:\/\/opdahlchiropractic.net\/es\/wp-json\/wp\/v2\/comments?post=27"}],"version-history":[{"count":5,"href":"https:\/\/opdahlchiropractic.net\/es\/wp-json\/wp\/v2\/pages\/27\/revisions"}],"predecessor-version":[{"id":770,"href":"https:\/\/opdahlchiropractic.net\/es\/wp-json\/wp\/v2\/pages\/27\/revisions\/770"}],"up":[{"embeddable":true,"href":"https:\/\/opdahlchiropractic.net\/es\/wp-json\/wp\/v2\/pages\/19"}],"wp:attachment":[{"href":"https:\/\/opdahlchiropractic.net\/es\/wp-json\/wp\/v2\/media?parent=27"}],"curies":[{"name":"wp","href":"https:\/\/api.w.org\/{rel}","templated":true}]}}