{"id":25,"date":"2016-06-12T14:31:19","date_gmt":"2016-06-12T14:31:19","guid":{"rendered":"http:\/\/www.jastodesign.com\/opdahlchiropractic\/?page_id=25"},"modified":"2020-08-27T10:32:33","modified_gmt":"2020-08-27T17:32:33","slug":"carpal-tunnel","status":"publish","type":"page","link":"https:\/\/opdahlchiropractic.net\/es\/neck-pain\/carpal-tunnel\/","title":{"rendered":"Tunel carpal"},"content":{"rendered":"<h1>\n\t\tAlivio del t\u00fanel carpiano\n\t<\/h1>\n<h2>\n\t\tS\u00cdNDROME DEL T\u00daNEL CARPIANO\n\t<\/h2>\n\t<p>El s\u00edndrome del t\u00fanel carpiano es el resultado del pinzamiento e irritaci\u00f3n del nervio mediano. Hay dos lugares comunes donde se produce esta irritaci\u00f3n: en la mu\u00f1eca (s\u00edndrome del verdadero t\u00fanel carpiano) y m\u00e1s arriba en el antebrazo (s\u00edndrome del pronador redondo). La fuente de la irritaci\u00f3n es importante, porque dictar\u00e1 el mejor tratamiento para aliviar el dolor y recuperar la funci\u00f3n completa.<\/p>\n<p>Nuestros m\u00e9dicos quiropr\u00e1cticos est\u00e1n capacitados para encontrar e identificar la fuente de irritaci\u00f3n de los s\u00edntomas del t\u00fanel carpiano. El alivio puede ocurrir con el tratamiento adecuado. Si le han diagnosticado o tiene s\u00edntomas del s\u00edndrome del t\u00fanel carpiano, llame hoy para comenzar el camino hacia sentirse mejor.<\/p>\n<h3>\n\t\tVERDADERO S\u00cdNDROME DEL T\u00daNEL CARPiano\n\t<\/h3>\n\t<p>El verdadero s\u00edndrome del t\u00fanel carpiano es causado por una irritaci\u00f3n del nervio mediano a su paso por la mu\u00f1eca en un \u00e1rea conocida como t\u00fanel carpiano. Junto con el nervio mediano, hay varios tendones que pasan a trav\u00e9s del t\u00fanel carpiano hasta la mano. Con el tiempo y con movimientos repetitivos de los dedos y la mu\u00f1eca, comienza a desarrollarse tejido cicatricial en el t\u00fanel carpiano y el nervio puede irritarse. Cuando el nervio se irrita, causa s\u00edntomas de dolor, entumecimiento, hormigueo y debilidad, principalmente en los primeros tres dedos (pulgar, \u00edndice y medio) de la mano.<\/p>\n<p>Esta condici\u00f3n puede ser problem\u00e1tica y limitar\u00e1 su capacidad para realizar actividades con la mano afectada. Vemos el s\u00edndrome del t\u00fanel carpiano con mayor frecuencia en personas que deben realizar movimientos frecuentes y repetitivos con los dedos, como un oficinista o una secretaria que escribe mucho.<\/p>\n<h3>\n\t\tS\u00cdNDROME DEL PRONADOR TERES\n\t<\/h3>\n\t<p>Los s\u00edntomas del s\u00edndrome del pronador redondo son id\u00e9nticos a los del s\u00edndrome del t\u00fanel carpiano. La diferencia es la ubicaci\u00f3n del pinzamiento del nervio. En el s\u00edndrome del pronador redondo, el nervio mediano queda comprimido e irritado en la parte superior del antebrazo, donde un m\u00fasculo llamado pronador redondo pasa sobre el nervio. El pronador redondo le ayuda a girar la mano desde la palma hacia arriba hasta la palma hacia abajo.<\/p>\n<p>Cuando este m\u00fasculo est\u00e1 demasiado tenso, pellizca el nervio que se encuentra debajo y causa s\u00edntomas de dolor, hormigueo, entumecimiento y debilidad en la mano. Al igual que el s\u00edndrome del t\u00fanel carpiano, el s\u00edndrome del pronador redondo es un problema de uso excesivo repetitivo en el que los movimientos frecuentes causan irritaci\u00f3n y cicatrices. Con el tratamiento adecuado, el tejido cicatricial se puede alinear y fortalecer mejor para prevenir el dolor y otros s\u00edntomas de irritaci\u00f3n del nervio mediano.<\/p>\n\t\t\t<h3>Causa com\u00fan T\u00fanel carpiano<\/h3>\t\t\t\n\t<iframe loading=\"lazy\" width=\"500\" height=\"281\" src=\"https:\/\/www.youtube.com\/embed\/-gPO_Vj-gGE?feature=oembed\" frameborder=\"0\" allowfullscreen><\/iframe>\n\t\t\t<h3>Tratamientos para aliviar el t\u00fanel carpiano<\/h3>\t\t\t\n\t<iframe loading=\"lazy\" width=\"500\" height=\"281\" src=\"https:\/\/www.youtube.com\/embed\/YQOitBHV1kc?feature=oembed\" frameborder=\"0\" allowfullscreen><\/iframe>","protected":false},"excerpt":{"rendered":"<p>Alivio del t\u00fanel carpiano S\u00cdNDROME DEL T\u00daNEL CARPiano El s\u00edndrome del t\u00fanel carpiano es el resultado del pinzamiento e irritaci\u00f3n del nervio mediano. Hay dos lugares comunes donde se produce esta irritaci\u00f3n: en la mu\u00f1eca (s\u00edndrome del verdadero t\u00fanel carpiano) y m\u00e1s arriba en el antebrazo (s\u00edndrome del pronador redondo). La fuente de la irritaci\u00f3n es importante, porque dictar\u00e1...<\/p>","protected":false},"author":2,"featured_media":0,"parent":19,"menu_order":0,"comment_status":"closed","ping_status":"closed","template":"tpl-sidebar.php","meta":{"_seopress_robots_primary_cat":"","_seopress_titles_title":"","_seopress_titles_desc":"","_seopress_robots_index":"","inline_featured_image":false,"footnotes":""},"class_list":["post-25","page","type-page","status-publish","hentry"],"_links":{"self":[{"href":"https:\/\/opdahlchiropractic.net\/es\/wp-json\/wp\/v2\/pages\/25","targetHints":{"allow":["GET"]}}],"collection":[{"href":"https:\/\/opdahlchiropractic.net\/es\/wp-json\/wp\/v2\/pages"}],"about":[{"href":"https:\/\/opdahlchiropractic.net\/es\/wp-json\/wp\/v2\/types\/page"}],"author":[{"embeddable":true,"href":"https:\/\/opdahlchiropractic.net\/es\/wp-json\/wp\/v2\/users\/2"}],"replies":[{"embeddable":true,"href":"https:\/\/opdahlchiropractic.net\/es\/wp-json\/wp\/v2\/comments?post=25"}],"version-history":[{"count":4,"href":"https:\/\/opdahlchiropractic.net\/es\/wp-json\/wp\/v2\/pages\/25\/revisions"}],"predecessor-version":[{"id":765,"href":"https:\/\/opdahlchiropractic.net\/es\/wp-json\/wp\/v2\/pages\/25\/revisions\/765"}],"up":[{"embeddable":true,"href":"https:\/\/opdahlchiropractic.net\/es\/wp-json\/wp\/v2\/pages\/19"}],"wp:attachment":[{"href":"https:\/\/opdahlchiropractic.net\/es\/wp-json\/wp\/v2\/media?parent=25"}],"curies":[{"name":"wp","href":"https:\/\/api.w.org\/{rel}","templated":true}]}}