{"id":23,"date":"2016-06-12T14:31:02","date_gmt":"2016-06-12T14:31:02","guid":{"rendered":"http:\/\/www.jastodesign.com\/opdahlchiropractic\/?page_id=23"},"modified":"2020-08-27T11:01:12","modified_gmt":"2020-08-27T18:01:12","slug":"pinched-nerve","status":"publish","type":"page","link":"https:\/\/opdahlchiropractic.net\/es\/neck-pain\/pinched-nerve\/","title":{"rendered":"Nervio pellizcado"},"content":{"rendered":"<h1>\n\t\tAlivio del nervio pinzado\n\t<\/h1>\n\t<p>Un nervio pinzado es un t\u00e9rmino general utilizado para describir cualquier lesi\u00f3n leve o irritaci\u00f3n de un nervio. Por lo general, el nervio no est\u00e1 literalmente &quot;pellizcado&quot;, sino que se irrita por alg\u00fan cambio a su alrededor. Necesitar\u00e1 un examen exhaustivo por parte de su proveedor de atenci\u00f3n m\u00e9dica para determinar qu\u00e9 nervio est\u00e1 causando sus s\u00edntomas espec\u00edficos. El tratamiento se adaptar\u00e1 a la fuente espec\u00edfica de su dolor.<\/p>\n<p>Cuando los nervios se irritan o lesionan, puede experimentar varios s\u00edntomas posibles, entre ellos: dolor, hormigueo, entumecimiento, debilidad muscular, dolores de cabeza o mareos. Los s\u00edntomas de un nervio pinzado generalmente siguen un patr\u00f3n espec\u00edfico seg\u00fan el nervio irritado y el lugar donde se produce la irritaci\u00f3n. Los nervios pueden quedar \u201cpellizcados\u201d en su origen en la columna (como en una hernia de disco) o en cualquier lugar de su recorrido normal por el cuerpo. Su m\u00e9dico quiropr\u00e1ctico determinar\u00e1 la ubicaci\u00f3n de su nervio pinzado para brindarle un plan espec\u00edfico para abordar la causa ra\u00edz.<\/p>\n\t\t\t<h3>Causa com\u00fan Nervio pinzado<\/h3>\t\t\t\n\t<iframe loading=\"lazy\" width=\"500\" height=\"281\" src=\"https:\/\/www.youtube.com\/embed\/cVHXzZ03tO4?feature=oembed\" frameborder=\"0\" allowfullscreen><\/iframe>\n\t\t\t<h3>Tratamientos para aliviar el nervio pinzado<\/h3>\t\t\t\n\t<iframe loading=\"lazy\" width=\"500\" height=\"281\" src=\"https:\/\/www.youtube.com\/embed\/Q6dCxqC69PU?feature=oembed\" frameborder=\"0\" allowfullscreen><\/iframe>","protected":false},"excerpt":{"rendered":"<p>Alivio del nervio pinzado Un nervio pinzado es un t\u00e9rmino general utilizado para describir cualquier lesi\u00f3n leve o irritaci\u00f3n de un nervio. Por lo general, el nervio no est\u00e1 literalmente &quot;pellizcado&quot;, sino que se irrita por alg\u00fan cambio a su alrededor. Necesitar\u00e1 un examen exhaustivo por parte de su proveedor de atenci\u00f3n m\u00e9dica para determinar qu\u00e9 nervio est\u00e1 causando...<\/p>","protected":false},"author":2,"featured_media":0,"parent":19,"menu_order":0,"comment_status":"closed","ping_status":"closed","template":"tpl-sidebar.php","meta":{"_seopress_robots_primary_cat":"","_seopress_titles_title":"","_seopress_titles_desc":"","_seopress_robots_index":"","inline_featured_image":false,"footnotes":""},"class_list":["post-23","page","type-page","status-publish","hentry"],"_links":{"self":[{"href":"https:\/\/opdahlchiropractic.net\/es\/wp-json\/wp\/v2\/pages\/23","targetHints":{"allow":["GET"]}}],"collection":[{"href":"https:\/\/opdahlchiropractic.net\/es\/wp-json\/wp\/v2\/pages"}],"about":[{"href":"https:\/\/opdahlchiropractic.net\/es\/wp-json\/wp\/v2\/types\/page"}],"author":[{"embeddable":true,"href":"https:\/\/opdahlchiropractic.net\/es\/wp-json\/wp\/v2\/users\/2"}],"replies":[{"embeddable":true,"href":"https:\/\/opdahlchiropractic.net\/es\/wp-json\/wp\/v2\/comments?post=23"}],"version-history":[{"count":5,"href":"https:\/\/opdahlchiropractic.net\/es\/wp-json\/wp\/v2\/pages\/23\/revisions"}],"predecessor-version":[{"id":771,"href":"https:\/\/opdahlchiropractic.net\/es\/wp-json\/wp\/v2\/pages\/23\/revisions\/771"}],"up":[{"embeddable":true,"href":"https:\/\/opdahlchiropractic.net\/es\/wp-json\/wp\/v2\/pages\/19"}],"wp:attachment":[{"href":"https:\/\/opdahlchiropractic.net\/es\/wp-json\/wp\/v2\/media?parent=23"}],"curies":[{"name":"wp","href":"https:\/\/api.w.org\/{rel}","templated":true}]}}