{"id":225,"date":"2016-10-16T16:03:38","date_gmt":"2016-10-16T23:03:38","guid":{"rendered":"https:\/\/opdahlchiropractic.net\/?page_id=225"},"modified":"2024-06-28T11:21:04","modified_gmt":"2024-06-28T18:21:04","slug":"home","status":"publish","type":"page","link":"https:\/\/opdahlchiropractic.net\/es\/","title":{"rendered":"Hogar"},"content":{"rendered":"<h4>SOMOS TU <a href=\"https:\/\/opdahlchiropractic.net\/es\/auto-injury\/\">ACCIDENTE DE AUTO<\/a> \u00a1ESPECIALISTAS!<br \/><a href=\"https:\/\/opdahlchiropractic.net\/es\/auto-injury\/\">Descubra c\u00f3mo podemos ayudarle a recuperarse de un accidente automovil\u00edstico.<\/a><br \/>Cl\u00ednicas ubicadas en Battle Ground, East Vancouver, Gresham, Hazel Dell y Woodland<\/h4><h2>Descubra terapias eficaces de quiropr\u00e1ctica y medicina de masaje para aliviar su dolor, reducir sus espasmos musculares y aumentar su movilidad r\u00e1pidamente.<\/h2>\t\t\t\n\t<h3>\n\t\t\t\t\u00a1Un equipo experto de m\u00e9dicos y especialistas aqu\u00ed para resolver todas sus necesidades de articulaciones y artritis!\n\t\t\t<\/h3>\n\t<iframe loading=\"lazy\" width=\"500\" height=\"281\" src=\"https:\/\/www.youtube.com\/embed\/5Y7hnKfJsU4?feature=oembed\" frameborder=\"0\" allowfullscreen><\/iframe>\n<h2>\n\t\t\u00bfME PUEDEN AYUDAR CON MI DOLOR DE ESPALDA?\n\t<\/h2>\n\t<p>\u00a1S\u00ed! \u00a1Podemos ayudarle absolutamente con su dolor de espalda! El mejor tratamiento para usted depender\u00e1 del problema exacto que causa su dolor de espalda, para el cual nuestros m\u00e9dicos tienen capacitaci\u00f3n especial para diagnosticar.<\/p>\n<p>El primer paso es visitar a uno de nuestros m\u00e9dicos quiropr\u00e1cticos, quien determinar\u00e1 el mejor tratamiento para sus necesidades individuales. Despu\u00e9s de un historial extenso de su dolor lumbar y un examen exhaustivo, el m\u00e9dico quiropr\u00e1ctico le proporcionar\u00e1 un plan de tratamiento dise\u00f1ado espec\u00edficamente para ayudarlo a aliviar el dolor y volver a vivir la vida m\u00e1s saludable posible. Las lesiones por dolor de espalda a menudo responden m\u00e1s lentamente si se retrasa el tratamiento, \u00a1as\u00ed que no espere para llamarnos para programar una cita si sufre de dolor lumbar!<\/p>\n\t\t\t\t\tRW en la \u00faltima semana El Dr. Opdahl y su equipo son incre\u00edbles. Son altamente capacitados, profesionales y centrados en el paciente. Creo que el Dr. Opdahl y su equipo salvaron...\n\t\t\t\t\t\t\t <a href=\"https:\/\/www.google.com\/maps\/contrib\/111970805556426140446\/place\/ChIJrxnu8WG0lVQR_KvY44d_jO4\" target=\"_blank\" rel=\"noopener noreferrer\">Leer m\u00e1s &quot;<\/a>\n\t\t\t\t\tMiki Malone Hace una semana Mi madre fue remitida aqu\u00ed despu\u00e9s de un grave accidente automovil\u00edstico y estaba viendo resultados. He tenido dolor cr\u00f3nico en el hombro que he visto muchas\u2026\n\t\t\t\t\t\t\t <a href=\"https:\/\/www.google.com\/maps\/contrib\/112582517316663541174\/place\/ChIJrxnu8WG0lVQR_KvY44d_jO4\" target=\"_blank\" rel=\"noopener noreferrer\">Leer m\u00e1s &quot;<\/a>\n\t\t\t\t\tRichard Baker hace una semana Lugar de primera categor\u00eda, gente estupenda. Se lo recomendar\u00eda a todos. Cambi\u00e9 la calificaci\u00f3n a 5 estrellas porque creo que hay margen de mejora, pero no puedo ver\u2026\n\t\t\t\t\t\t\t <a href=\"https:\/\/www.google.com\/maps\/contrib\/110314139960447330115\/place\/ChIJrxnu8WG0lVQR_KvY44d_jO4\" target=\"_blank\" rel=\"noopener noreferrer\">Leer m\u00e1s &quot;<\/a>\n\t\t\t\t\tMarcus Davis hace una semana \u00a1Desde el momento en que entras te sientes como en familia! He sido muy feliz visitando la ubicaci\u00f3n de Battle Ground. Dr. Williams y Alaina\u2026\n\t\t\t\t\t\t\t <a href=\"https:\/\/www.google.com\/maps\/contrib\/109068437590648910459\/place\/ChIJrxnu8WG0lVQR_KvY44d_jO4\" target=\"_blank\" rel=\"noopener noreferrer\">Leer m\u00e1s &quot;<\/a>\n\t\t\t\t\tKatrina Squires hace un mes Nuestra familia ha estado asistiendo a Opdahl Chiropractic durante muchos a\u00f1os. Personalmente he realizado los tratamientos en medicina regenerativa y he tenido unas estupendas\u2026\n\t\t\t\t\t\t\t <a href=\"https:\/\/www.google.com\/maps\/contrib\/103974233718339810157\/place\/ChIJrxnu8WG0lVQR_KvY44d_jO4\" target=\"_blank\" rel=\"noopener noreferrer\">Leer m\u00e1s &quot;<\/a>\n\t\t\t<a href=\"https:\/\/opdahlchiropractic.net\/es\/contact\/\" target=\"_self\" role=\"button\" aria-label=\"&lt;h1&gt;Programe su cita hoy&lt;\/h1&gt;\" rel=\"noopener\">\n\t\t\t\t\t\t\t<h1>Programe su cita hoy<\/h1>\n\t\t<\/a>\n\t<h2>\n\t\t\t\tLAS 4 PRINCIPALES PREOCUPACIONES QUE PREGUNTAN LOS NUEVOS PACIENTES \n\t\t\t<\/h2>\n\t\t\t\t\t\t<h3>\u00bfCU\u00c1L ES MI PROBLEMA?<\/h3>\n\t\t\t<p>Despu\u00e9s de una consulta deber\u00edamos tener una idea bastante clara de si podremos ayudar. Si descubrimos que su problema no es uno en el que podamos ayudarlo, lo derivaremos al especialista adecuado.<\/p>\n\t\t\t\t\t\t<h3>\u00bfPODEMOS AYUDAR?<\/h3>\n\t\t\t<p>Al final de la consulta y examen sabremos qu\u00e9 est\u00e1 causando su dolor. En ese momento compartiremos con usted todos nuestros hallazgos y posibles opciones de tratamiento antes de comenzar la atenci\u00f3n.<\/p>\n\t\t\t\t\t\t<h3>\u00bfCU\u00c1NTO TIEMPO PASAR\u00c1 PARA QUE ME SIENTA MEJOR?<\/h3>\n\t\t\t<p>Si encontramos que podemos ayudar con su condici\u00f3n, comenzaremos la terapia adecuada para iniciar el alivio del dolor ese d\u00eda.<\/p>\n\t\t\t\t\t\t<h3>\u00bfCU\u00c1NTO COSTAR\u00c1 EL TRATAMIENTO?<\/h3>\n\t\t\t<p>Antes de iniciar cualquier terapia, nuestro personal verificar\u00e1 los beneficios de su seguro y revisar\u00e1 los costos de atenci\u00f3n relacionados.<\/p>\n<p>Podemos apreciar su aprensi\u00f3n cuando visita a un nuevo proveedor de atenci\u00f3n m\u00e9dica por primera vez. Nuestro personal comprende y le brindar\u00e1 la cortes\u00eda como tal.<\/p>\n\t<h1>\n\t\t\t\t\u00bfEst\u00e1s adolorido?\n\t\t\t<\/h1>\n\t\t\t<p>\u00a1Programe su consulta hoy!<\/p>\t\n\t<h2><!--\n\t-->\u00a1LL\u00c1MENOS HOY!<!--\t--><!--\n\t-->\n\t<\/h2>\n<h3>\n\t\t<a href=\"tel:3606666001\" title=\"Campo de batalla - (360) 666-6001\" target=\"_self\" rel=\"noopener\">\n\t\tCampo de batalla \u2013 (360) 666-6001\n\t\t<\/a>\n\t<\/h3>\n<h3>\n\t\t<a href=\"tel:3608417261\" title=\"Bosque - (360) 841-7261\" target=\"_self\" rel=\"noopener\">\n\t\tBosque \u2013 (360) 841-7261\n\t\t<\/a>\n\t<\/h3>\n<h3>\n\t\t<a href=\"tel:3605587904\" title=\"Hazel Dell - (360) 558-7904\" target=\"_self\" rel=\"noopener\">\n\t\tHazel Dell \u2013 (360) 558-7904\n\t\t<\/a>\n\t<\/h3>\n<h3>\n\t\t<a href=\"tel:3607872505\" title=\"Este de Vancouver - (360) 787-2505\" target=\"_self\" rel=\"noopener\">\n\t\tEste de Vancouver \u2013 (360) 787-2505\n\t\t<\/a>\n\t<\/h3>\n<h3>\n\t\t<a href=\"tel:5034868008\" title=\"Gresham - (503) 486-8008\" target=\"_self\" rel=\"noopener\">\n\t\tGresham \u2013 (503) 486-8008\n\t\t<\/a>\n\t<\/h3>\n\t<h1>\n\t\t\t\tPreguntas frecuentes sobre costos y seguros\n\t\t\t<\/h1>\n\t<h2>\n\t\t\t\tLAS 3 PREGUNTAS RELACIONADAS CON LOS COSTOS M\u00c1S COMUNES\n\t\t\t<\/h2>\n\t\t\t\t\t\t<h3>\u00bfESTAMOS EN TU PLAN DE SEGURO?<\/h3>\n\t\t\t<p>Opdahl Chiropractic &amp; Massage acepta la mayor\u00eda de las coberturas de seguro que se ofrecen en los condados de Clark, Cowlitz y Multnomah.<\/p>\n\t\t\t\t\t\t<h3>\u00bfCU\u00c1NTO CUESTA EL TRATAMIENTO?<\/h3>\n\t\t\t<p>Hay varias categor\u00edas financieras para los pacientes. Seguro m\u00e9dico importante, Medicare, Medicaid, seguro contra lesiones personales, como lesiones por accidentes automovil\u00edsticos, lesiones por compensaci\u00f3n laboral y pacientes por tiempo de servicio.<\/p>\n<p><strong>Seguro de salud:<\/strong> El pago con seguro depender\u00e1 del deducible, copago o coseguro de esa p\u00f3liza en particular y todos var\u00edan.<\/p>\n<p><strong>Seguro m\u00e9dico del estado:<\/strong> El seguro de Medicare cubre la atenci\u00f3n quiropr\u00e1ctica con beneficios limitados. Sin embargo, el copago y los deducibles son relativamente bajos.<\/p>\n<p><strong>Seguro de lesiones personales:<\/strong> El seguro de lesiones personales cubre en su mayor parte la quiropr\u00e1ctica, los masajes y la medicina regenerativa con poco o ning\u00fan gasto de bolsillo para el paciente.<\/p>\n<p><strong>Hora de Servicio:<\/strong> Los pacientes por tiempo de servicio pueden recibir un descuento por tiempo de servicio, planes de pago y planes de descuento.<\/p>\n\t\t\t\t\t\t<h3>\u00bfQU\u00c9 CUBRE MI SEGURO?<\/h3>\n\t\t\t<p>Sus beneficios de quiropr\u00e1ctica, masajes y medicina regenerativa ser\u00e1n verificados en su primera visita. Todas las pol\u00edticas var\u00edan y deber\u00edan verificarse individualmente. Nuestro personal puede verificar la cobertura de su seguro dentro de las 24 horas.<\/p>\n\t\t\t<h2>CONDICIONES QUE RESPONDEN AL TRATAMIENTO<\/h2>\t\t\t\n\t\t\t<h2>LO QUE NOS HACE ESPECIAL<\/h2>\t\t\t\n\t\t\t\t<img decoding=\"async\" src=\"https:\/\/opdahlchiropractic.net\/wp-content\/uploads\/bb-plugin\/cache\/spinal-manipulation-square.jpg\" alt=\"spinal-manipulation\" title=\"manipulaci\u00f3n-espinal\" itemprop=\"image\"\/>\n\t\t<h3>Tratamiento quiropr\u00e1ctico de manipulaci\u00f3n espinal:<\/h3>\t\t\t\n\t\t\t\t<p>Realice ajustes quiropr\u00e1cticos con las manos o con un dispositivo para aplicar una fuerza controlada a una articulaci\u00f3n de la columna, movi\u00e9ndola m\u00e1s all\u00e1 de su rango de movimiento pasivo. La cantidad de fuerza aplicada depende de la forma de ajuste quiropr\u00e1ctico utilizado. El objetivo del tratamiento es aliviar el dolor, aumentar el funcionamiento f\u00edsico y maximizar el potencial curativo de su cuerpo.<\/p>\n\t<a href=\"https:\/\/opdahlchiropractic.net\/es\/auto-injury\/massage\/\" target=\"_blank\" rel=\"noopener\" aria-label=\"Vaya a https:\/\/opdahlchiropractic.net\/auto-injury\/massage\/\"><\/a>\n\t\t\t\t<img decoding=\"async\" src=\"https:\/\/opdahlchiropractic.net\/wp-content\/uploads\/2016\/09\/massage-therapy.jpeg\" alt=\"massage-therapy\" title=\"Terapia de Masajes\" itemprop=\"image\"\/>\n\t\t<h3><a href=\"https:\/\/opdahlchiropractic.net\/es\/auto-injury\/massage\/\">Terapia de Masajes<\/a><\/h3>\t\t\t\n\t\t\t\t<p>El masaje es el trabajo de capas superficiales y profundas de m\u00fasculo y tejido conectivo para mejorar la funci\u00f3n, ayudar en el proceso de curaci\u00f3n y promover la relajaci\u00f3n y el bienestar.<\/p>\n\t\t\t<h3>Tracci\u00f3n intersegmental:<\/h3>\t\t\t\n\t\t\t\t<p>Es una forma de inducir un movimiento pasivo en la columna con el fin de estirar las articulaciones de la columna y aumentar la movilidad de la columna.<\/p>\n<p>Dado que los discos tienen un suministro sangu\u00edneo deficiente, obtienen nutrientes de la circulaci\u00f3n de los fluidos que rodean las articulaciones de la columna. Las fijaciones impiden esta circulaci\u00f3n natural y pueden provocar adelgazamiento y degeneraci\u00f3n del disco. La tracci\u00f3n intersegmental ayuda a aumentar y restaurar la elasticidad y el movimiento necesarios de la columna.<\/p>\n\t\t\t\t<img decoding=\"async\" src=\"https:\/\/opdahlchiropractic.net\/wp-content\/uploads\/2016\/10\/chiropracticbiophysics-posture.png\" alt=\"chiropracticbiophysics-posture\" title=\"quiropr\u00e1cticabiof\u00edsica-postura\" itemprop=\"image\"\/>\n\t\t<h3>Biof\u00edsica Quiropr\u00e1ctica CBP:<\/h3>\t\t\t\n\t\t\t\t<p>La Biof\u00edsica Quiropr\u00e1ctica aplica los principios de la ingenier\u00eda mec\u00e1nica hacia la correcci\u00f3n de la columna humana. Cuando la curvatura de la columna se ha alterado respecto de su posici\u00f3n cl\u00ednica normal, los pacientes pueden experimentar un menor estado de salud general. La pr\u00e1ctica de CBP intenta restaurar la curvatura natural de la columna.<\/p>\n\t<a href=\"https:\/\/opdahlchiropractic.net\/es\/auto-injury\/\" target=\"_blank\" rel=\"noopener\" aria-label=\"Vaya a https:\/\/opdahlchiropractic.net\/auto-injury\/\"><\/a>\n\t\t\t\t<img decoding=\"async\" src=\"https:\/\/opdahlchiropractic.net\/wp-content\/uploads\/2016\/09\/Injury-Rehab.jpg\" alt=\"injury-rehab\" title=\"rehabilitaci\u00f3n de lesiones\" itemprop=\"image\"\/>\n\t\t<h3><a href=\"https:\/\/opdahlchiropractic.net\/es\/auto-injury\/\">Rehabilitaci\u00f3n de lesiones por accidentes:<\/a><\/h3>\t\t\t\n\t\t\t\t<p>La medicina f\u00edsica de rehabilitaci\u00f3n utiliza ejercicios activos y de resistencia para aumentar la fuerza y la movilidad del tejido lesionado. La rehabilitaci\u00f3n ayuda a los pacientes a recuperarse de lesiones f\u00edsicas de la manera m\u00e1s r\u00e1pida y completa posible, evitando que se vuelvan a lesionar. La terapia de descompresi\u00f3n espinal ha salvado a miles de hombres y mujeres del dolor de espalda sin cirug\u00eda.<\/p>\n\t\t\t<h2>LEER M\u00c1S SOBRE EL CUIDADO QUIROPR\u00c1CTICO<\/h2>\t\t\t\n\t<a href=\"https:\/\/maps.app.goo.gl\/nT1Re1CdHnp4iaLr6\">105 N Parkway Ave<\/a><br \/>\n<a href=\"https:\/\/maps.app.goo.gl\/nT1Re1CdHnp4iaLr6\">Campo de batalla, WA 98604<\/a>\nPrincipal <a href=\"tel:3606666001\">(360) 666-6001<\/a><br \/>\nFax (360) 666-6002\n\t<a href=\"https:\/\/maps.app.goo.gl\/C8Pjfc7XERPpHNkR6\">650 Goerig St<br \/>\nWoodland, WA 98674<\/a>\nPrincipal <a href=\"tel:3608417261\">(360) 841-7261<\/a><br \/>\nFax (360) 841-7281\n\t<a href=\"https:\/\/maps.app.goo.gl\/Fr2FW1e9c89nyqpCA\">318 NE 99th St, Unidad L<br \/>\nVancouver, WA 98665<\/a>\nPrincipal <a href=\"tel:3605587904\">(360) 558-7904<\/a><br \/>\nFax (360) 558-7906\n\t<a href=\"https:\/\/maps.app.goo.gl\/jrQ4rCxbZxTnPbAs8\">16904 SE 1st St, Suite B<br \/>\nVancouver, WA 98684<\/a>\nPrincipal <a href=\"tel:3607872505\">(360) 787-2505<\/a><br \/>\nFax (360) 787-2506\n\t<a href=\"https:\/\/maps.app.goo.gl\/df5GiRPR8xoMejcm7\">1210 NE Burnside Rd.<br \/>\nGresham, Oreg\u00f3n 97030<\/a>\nPrincipal <a href=\"tel:5034868008\">(503) 486-8008<\/a><br \/>\nFax (503) 676-3188\n\t<p><a href=\"mailto:info@opdahlchiropractic.com?Subject=Email%20again\">info@opdahlchiropractic.com<\/a><\/p>\n\t<p>\u00a9 2019-2024 Opdahl Quiropr\u00e1ctica<\/p>\n\t<p>Sitio web dise\u00f1ado por www.jaredstokesdesign.com<\/p>","protected":false},"excerpt":{"rendered":"<p>\u00a1SOMOS SUS ESPECIALISTAS EN ACCIDENTES DE AUTO! Descubra c\u00f3mo podemos ayudarlo a recuperarse de un accidente de auto. Cl\u00ednicas ubicadas en Battle Ground, East Vancouver, Gresham, Hazel Dell y Woodland Descubra terapias efectivas de quiropr\u00e1ctica y medicina de masaje para aliviar su dolor y reducir su m\u00fasculo \u00a1Espasmos y aumenta tu movilidad r\u00e1pidamente! Un equipo experto de m\u00e9dicos y especialistas aqu\u00ed...<\/p>","protected":false},"author":2,"featured_media":0,"parent":0,"menu_order":0,"comment_status":"closed","ping_status":"closed","template":"","meta":{"_seopress_robots_primary_cat":"","_seopress_titles_title":"Opdahl Chiropractic and Massage - Battle Ground, Washington","_seopress_titles_desc":"Chiropractic care for neck, back &amp; joint pain in Battle Ground, Washington","_seopress_robots_index":"","inline_featured_image":false,"footnotes":""},"class_list":["post-225","page","type-page","status-publish","hentry"],"_links":{"self":[{"href":"https:\/\/opdahlchiropractic.net\/es\/wp-json\/wp\/v2\/pages\/225","targetHints":{"allow":["GET"]}}],"collection":[{"href":"https:\/\/opdahlchiropractic.net\/es\/wp-json\/wp\/v2\/pages"}],"about":[{"href":"https:\/\/opdahlchiropractic.net\/es\/wp-json\/wp\/v2\/types\/page"}],"author":[{"embeddable":true,"href":"https:\/\/opdahlchiropractic.net\/es\/wp-json\/wp\/v2\/users\/2"}],"replies":[{"embeddable":true,"href":"https:\/\/opdahlchiropractic.net\/es\/wp-json\/wp\/v2\/comments?post=225"}],"version-history":[{"count":55,"href":"https:\/\/opdahlchiropractic.net\/es\/wp-json\/wp\/v2\/pages\/225\/revisions"}],"predecessor-version":[{"id":1285,"href":"https:\/\/opdahlchiropractic.net\/es\/wp-json\/wp\/v2\/pages\/225\/revisions\/1285"}],"wp:attachment":[{"href":"https:\/\/opdahlchiropractic.net\/es\/wp-json\/wp\/v2\/media?parent=225"}],"curies":[{"name":"wp","href":"https:\/\/api.w.org\/{rel}","templated":true}]}}