{"id":21,"date":"2016-06-12T14:30:40","date_gmt":"2016-06-12T14:30:40","guid":{"rendered":"http:\/\/www.jastodesign.com\/opdahlchiropractic\/?page_id=21"},"modified":"2024-04-25T21:30:06","modified_gmt":"2024-04-26T04:30:06","slug":"headaches","status":"publish","type":"page","link":"https:\/\/opdahlchiropractic.net\/es\/neck-pain\/headaches\/","title":{"rendered":"dolores de cabeza"},"content":{"rendered":"<h1>Alivio del dolor de cabeza<\/h1>\r\n<p>Hay muchos tipos posibles de dolores de cabeza que una persona puede experimentar. Cada tipo de dolor de cabeza causar\u00e1 dolor en o alrededor de la cabeza, aunque el \u00e1rea espec\u00edfica afectada y la intensidad pueden variar. Algunos de los tipos de dolores de cabeza m\u00e1s comunes son las migra\u00f1as, los dolores de cabeza tensionales y los dolores de cabeza cervicog\u00e9nicos. Hay muchos otros dolores de cabeza, m\u00e1s raros, que tambi\u00e9n pueden ocurrir.<\/p>\r\n<p>Su m\u00e9dico determinar\u00e1 el tipo exacto de dolor de cabeza que est\u00e1 experimentando y le brindar\u00e1 un plan espec\u00edfico para abordar sus inquietudes y permitirle volver a disfrutar de la vida cotidiana. Los dolores de cabeza pueden ser debilitantes y afectar todos los aspectos de su vida. Si sufre dolores de cabeza frecuentes, busque tratamiento lo antes posible para evitar una mayor disfunci\u00f3n o un empeoramiento del dolor.<\/p>\r\n<h3>MIGRA\u00d1AS<\/h3>\r\n<p>Hay dos subtipos comunes de migra\u00f1a: migra\u00f1a con aura y migra\u00f1a sin aura. El aura tambi\u00e9n se conoce como pr\u00f3dromo, que es un t\u00e9rmino m\u00e9dico que significa un s\u00edntoma temprano que indica la aparici\u00f3n de una afecci\u00f3n. B\u00e1sicamente, es un s\u00edntoma distinto del dolor que le indica a alguien que est\u00e1 a punto de sufrir una migra\u00f1a. Un aura puede ser un cambio visual, como un punto ciego en la visi\u00f3n, una alucinaci\u00f3n, un parpadeo de la visi\u00f3n o ver luces intermitentes; cambios en la piel como sensaci\u00f3n de hormigueo; dificultad para hablar o dificultad para formar palabras; o confusi\u00f3n.<\/p>\r\n<p>Una vez que comienza una migra\u00f1a, ya sea con aura o sin ella, el dolor de cabeza se produce justo encima y detr\u00e1s de un ojo, sobre la cabeza del mismo lado que el ojo afectado y con frecuencia palpitar\u00e1 o palpitar\u00e1 de dolor. Para muchas personas con migra\u00f1as, los dolores de cabeza empeoran cuando est\u00e1n cerca de luces brillantes, sonidos fuertes o cuando mueven la cabeza.<\/p>\r\n<p>Algunas personas con migra\u00f1as tambi\u00e9n experimentar\u00e1n n\u00e1useas, cansancio o aturdimiento. Durante una migra\u00f1a puede resultar \u00fatil acostarse en una habitaci\u00f3n oscura y tranquila hasta que desaparezca el dolor de cabeza. Una vez que ha pasado la migra\u00f1a, es posible que se sienta fatigado, confundido o lento.<\/p>\r\n<h3>Dolores de cabeza de tipo tensional<\/h3>\r\n<p>Un dolor de cabeza tensional es exactamente lo que parece: dolor de cabeza causado por la tensi\u00f3n en los m\u00fasculos y las articulaciones del cuello. Este tipo de dolor de cabeza siempre va acompa\u00f1ado de opresi\u00f3n en el cuello o los hombros y una sensaci\u00f3n de necesidad de estirarse. La causa subyacente es frecuentemente la irritaci\u00f3n de los nervios en la parte superior de la columna, lo que provoca restricci\u00f3n del movimiento de las articulaciones y espasmos musculares, por lo que se siente tirante en el cuello.<\/p>\r\n<p>Los ajustes quiropr\u00e1cticos son excelentes para ayudar a resolver este tipo de dolor de cabeza. Una vez que se haya tratado su dolor de cabeza, el m\u00e9dico puede trabajar con usted para realizar terapias dise\u00f1adas para prevenir futuros dolores de cabeza.<\/p>\r\n<h3>CEFALEAS CERVICOG\u00c9NICAS<\/h3>\r\n<p>Los dolores de cabeza cervicog\u00e9nicos comienzan en el cuello (cervico-cuello, g\u00e9nico- con origen en) y luego ascienden por la cabeza. No es raro tener algunos mareos o aumentar el dolor al girar la cabeza con este tipo de dolor de cabeza. Las articulaciones del cuello se restringen, lo que provoca inflamaci\u00f3n e irritaci\u00f3n de los nervios cuando salen de la columna. Cada vez que intenta girar la cabeza, se produce m\u00e1s irritaci\u00f3n en las articulaciones, lo que provoca m\u00e1s inflamaci\u00f3n y dolor.<\/p>\r\n<p>La medicina f\u00edsica quiropr\u00e1ctica es el mejor m\u00e9todo para abordar este tipo de dolor de cabeza y prevenir futuras apariciones. Su m\u00e9dico puede determinar la fuente exacta de su dolor de cabeza y abordar las articulaciones involucradas para mejorar el movimiento, disminuir el dolor, reducir la inflamaci\u00f3n y resolver la irritaci\u00f3n de los nervios.<\/p>\r\n<h3>Causa com\u00fan Dolor de cabeza<\/h3>\r\n<p><iframe loading=\"lazy\" src=\"https:\/\/www.youtube.com\/embed\/pL2B78GL0ew?feature=oembed\" width=\"500\" height=\"281\" frameborder=\"0\" allowfullscreen=\"allowfullscreen\"><\/iframe><\/p>\r\n<h3>Tratamientos para aliviar el dolor de cabeza<\/h3>\r\n<p><iframe loading=\"lazy\" src=\"https:\/\/www.youtube.com\/embed\/x6X8eSVSK7U?feature=oembed\" width=\"500\" height=\"281\" frameborder=\"0\" allowfullscreen=\"allowfullscreen\"><\/iframe><\/p>","protected":false},"excerpt":{"rendered":"<p>Alivio del dolor de cabeza Hay muchos tipos posibles de dolores de cabeza que una persona puede experimentar. Cada tipo de dolor de cabeza causar\u00e1 dolor en o alrededor de la cabeza, aunque el \u00e1rea espec\u00edfica afectada y la intensidad pueden variar. Algunos de los tipos de dolores de cabeza m\u00e1s comunes son las migra\u00f1as, los dolores de cabeza tensionales y los dolores de cabeza cervicog\u00e9nicos. Hay muchos otros,\u2026<\/p>","protected":false},"author":2,"featured_media":0,"parent":19,"menu_order":0,"comment_status":"closed","ping_status":"closed","template":"tpl-sidebar.php","meta":{"_seopress_robots_primary_cat":"","_seopress_titles_title":"Headaches - Opdahl Chiropractic &amp; Massage","_seopress_titles_desc":"","_seopress_robots_index":"","inline_featured_image":false,"footnotes":""},"class_list":["post-21","page","type-page","status-publish","hentry"],"_links":{"self":[{"href":"https:\/\/opdahlchiropractic.net\/es\/wp-json\/wp\/v2\/pages\/21","targetHints":{"allow":["GET"]}}],"collection":[{"href":"https:\/\/opdahlchiropractic.net\/es\/wp-json\/wp\/v2\/pages"}],"about":[{"href":"https:\/\/opdahlchiropractic.net\/es\/wp-json\/wp\/v2\/types\/page"}],"author":[{"embeddable":true,"href":"https:\/\/opdahlchiropractic.net\/es\/wp-json\/wp\/v2\/users\/2"}],"replies":[{"embeddable":true,"href":"https:\/\/opdahlchiropractic.net\/es\/wp-json\/wp\/v2\/comments?post=21"}],"version-history":[{"count":5,"href":"https:\/\/opdahlchiropractic.net\/es\/wp-json\/wp\/v2\/pages\/21\/revisions"}],"predecessor-version":[{"id":1074,"href":"https:\/\/opdahlchiropractic.net\/es\/wp-json\/wp\/v2\/pages\/21\/revisions\/1074"}],"up":[{"embeddable":true,"href":"https:\/\/opdahlchiropractic.net\/es\/wp-json\/wp\/v2\/pages\/19"}],"wp:attachment":[{"href":"https:\/\/opdahlchiropractic.net\/es\/wp-json\/wp\/v2\/media?parent=21"}],"curies":[{"name":"wp","href":"https:\/\/api.w.org\/{rel}","templated":true}]}}