{"id":19,"date":"2016-06-12T14:30:24","date_gmt":"2016-06-12T14:30:24","guid":{"rendered":"http:\/\/www.jastodesign.com\/opdahlchiropractic\/?page_id=19"},"modified":"2024-04-25T21:29:54","modified_gmt":"2024-04-26T04:29:54","slug":"neck-pain","status":"publish","type":"page","link":"https:\/\/opdahlchiropractic.net\/es\/neck-pain\/","title":{"rendered":"Dolor de cuello"},"content":{"rendered":"<h1>Alivio del dolor de cuello<\/h1>\r\n<h2>\u00bfPOR QU\u00c9 ME DUELE EL CUELLO?<\/h2>\r\n<p>El dolor de cuello puede ser causado por muchas afecciones diferentes y debe ser evaluado por un proveedor de atenci\u00f3n m\u00e9dica para determinar la causa espec\u00edfica de su dolor.<\/p>\r\n<p>Al igual que con otras \u00e1reas del cuerpo, el dolor de cuello siempre ocurre de dos maneras: ya sea por un solo traumatismo importante o por varios microtraumatismos a lo largo del tiempo:<\/p>\r\n<ul>\r\n<li>Un traumatismo mayor es un evento importante, como un accidente automovil\u00edstico, una lesi\u00f3n deportiva o una ca\u00edda fuerte, que causa lesiones y dolor de inmediato.<\/li>\r\n<li>Los microtraumatismos son menos notorios cuando ocurren. Los microtraumatismos son tensiones peque\u00f1as y repetitivas en el cuerpo que tardan en provocar lesiones. Un solo microtrauma no causa lesiones lo suficientemente importantes como para requerir tratamiento. Sin embargo, despu\u00e9s de m\u00faltiples microtraumatismos, los ligamentos comienzan a romperse y la zona suele volverse dolorosa.<\/li>\r\n<\/ul>\r\n<p>Probablemente notar\u00e1 una disminuci\u00f3n del movimiento en el cuello despu\u00e9s de cualquier tipo de lesi\u00f3n. Algunas de las causas m\u00e1s comunes de dolor de cuello son lesiones de disco, esguinces de cuello, distensiones de cuello y dolores de cabeza. Aunque cada uno de estos problemas puede provocar dolor en el cuello o la cabeza, las causas son muy diferentes y el tratamiento var\u00eda. Despu\u00e9s de que el m\u00e9dico analice su problema espec\u00edfico con usted y realice un examen exhaustivo, podr\u00e1 determinar la causa exacta de su dolor de cuello. El tratamiento adecuado de su dolor de cuello puede mejorar significativamente su disfrute de la vida y limitar o resolver su dolor. A continuaci\u00f3n se ofrece una breve descripci\u00f3n de algunas de las afecciones m\u00e1s comunes.<\/p>\r\n<h2>LESI\u00d3N DE DISCO<\/h2>\r\n<p>Las lesiones de disco pueden ocurrir despu\u00e9s de un traumatismo importante o de microtraumatismos repetitivos. Hay tres t\u00e9rminos com\u00fanmente utilizados para describir las lesiones de disco: abultamiento de disco, hernia de disco y secuestro de disco. En realidad, se trata de la misma lesi\u00f3n, s\u00f3lo que con diferentes grados de gravedad. La buena noticia es que, si se trata con las terapias adecuadas, la disfunci\u00f3n de cada una de estas lesiones de disco puede mejorar significativamente o incluso resolverse por completo.<\/p>\r\n<h3>PROTUBERANCIA DEL DISCO<\/h3>\r\n<p>Un abultamiento del disco ocurre cuando las fibras alrededor del borde del disco se han roto. Cuando esto ocurre, el centro blando y gelatinoso del disco comienza a salir. Las fibras en el borde del disco que a\u00fan est\u00e1n intactas comienzan a sobresalir de su posici\u00f3n habitual como resultado de que este centro gelatinoso se mueve hacia afuera. Si no se trata, este abultamiento provoca una acumulaci\u00f3n de tejido cicatricial y, finalmente, degeneraci\u00f3n y artritis.<\/p>\r\n<h3>HERNIA DISCAL<\/h3>\r\n<p>Las hernias de disco ocurren cuando las fibras alrededor del disco se han desgarrado lo suficiente como para romperse y el centro gelatinoso comienza a empujar hacia el espacio alrededor del nervio espinal. Cuando se produce esta hernia, puede ejercer presi\u00f3n sobre el nervio. La presi\u00f3n sobre los nervios provoca m\u00e1s dolor, entumecimiento, hormigueo y, a veces, debilidad. Puede notar dificultad para girar la cabeza, levantar el brazo o sostener cosas como un gal\u00f3n de leche. Si no se trata, una hernia de disco siempre provoca discapacidad y empeora la artritis.<\/p>\r\n<h3>SECUESTRAMIENTO DE DISCO<\/h3>\r\n<p>Un secuestro de disco es la m\u00e1s grave de las lesiones de disco. Con esta condici\u00f3n, el centro gelatinoso blando del disco se ha roto completamente a trav\u00e9s de las fibras que normalmente lo rodean y el l\u00edquido se escapa del disco. Esto hace que el centro gelatinoso se separe del resto del disco y se mueva hacia el espacio normalmente ocupado por el nervio.<\/p>\r\n<p>La presi\u00f3n adicional del aumento de l\u00edquido alrededor del nervio provoca una irritaci\u00f3n significativa de los nervios y aumenta la inflamaci\u00f3n local. La irritaci\u00f3n y la inflamaci\u00f3n de los nervios causan dolor, hormigueo, entumecimiento, debilidad, mareos, dolores de cabeza o incluso cambios en la capacidad intestinal y de la vejiga. Si no se trata, un secuestro de disco puede provocar limitaciones importantes en la funci\u00f3n y alteraciones graves en el trabajo, el sue\u00f1o y la vida familiar.<\/p>\r\n<h3>Causa com\u00fan dolor de cuello<\/h3>\r\n<p><iframe loading=\"lazy\" src=\"https:\/\/www.youtube.com\/embed\/OecKku0ZYvY?feature=oembed\" width=\"500\" height=\"281\" frameborder=\"0\" allowfullscreen=\"allowfullscreen\"><\/iframe><\/p>\r\n<h2>TORNILLOS Y TORNILLOS DE CUELLO<\/h2>\r\n<p>Al igual que las lesiones de disco, los esguinces y las distensiones del cuello pueden deberse a un solo traumatismo importante o a microtraumatismos m\u00e1s peque\u00f1os y repetitivos. Tanto los esguinces como las torceduras implican desgarros de los tejidos del cuerpo y se clasifican seg\u00fan un grado, generalmente del 1 al 3.<\/p>\r\n<ul>\r\n<li>El grado 1 es leve e implica el desgarro de s\u00f3lo unas pocas fibras dentro del tejido. Con una lesi\u00f3n de grado 1, es probable que sienta dolor, pero deber\u00eda sentirse mejor despu\u00e9s de unos d\u00edas.<\/li>\r\n<li>El grado 2 es una lesi\u00f3n moderada que implica el desgarro de hasta 50% del ligamento o tejido muscular. Una lesi\u00f3n de grado 2 requiere tratamiento para prevenir el dolor recurrente o incluso permanente y la disminuci\u00f3n de la funci\u00f3n.<\/li>\r\n<li>Las lesiones de grado 3 son las m\u00e1s graves y representan una falla total de la estructura con m\u00e1s de 50% del tejido desgarrado. Las lesiones de grado 3 a veces requieren cirug\u00eda para repararse y necesitan mucho m\u00e1s tiempo para sanar. Es posible que las lesiones de grado 3 no sanen por completo.<\/li>\r\n<\/ul>\r\n<p>Tanto los esguinces como las torceduras pueden ocurrir del mismo tipo, pero las dos lesiones se curan de manera muy diferente.<\/p>\r\n<h3>TENSIONES DEL CUELLO<\/h3>\r\n<p>Las tensiones involucran los m\u00fasculos del cuerpo. Una distensi\u00f3n tambi\u00e9n puede denominarse lesi\u00f3n de tejidos blandos. Aunque las distensiones pueden ser muy dolorosas, normalmente sanan en un plazo de 6 a 8 semanas. Una vez que el dolor ha mejorado, los ejercicios de rehabilitaci\u00f3n suelen ser m\u00e1s \u00fatiles para curarse y prevenir futuras distensiones en el cuello.<\/p>\r\n<h3>ESGUINCES DE CUELLO<\/h3>\r\n<p>Un esguince involucra los ligamentos del cuerpo y las fibras anulares de los discos de la columna. Estos tejidos se denominan colectivamente tejidos conectivos y sanan mucho m\u00e1s lentamente que un m\u00fasculo. Los ligamentos generalmente requieren tratamiento para evitar disfunciones y dolores significativos en el futuro.<\/p>\r\n<p>Sin tratamiento, los ligamentos son propensos a volver a lesionarse con frecuencia y el dolor empeora con el tiempo. Con el tratamiento adecuado, es posible fortalecer el tejido torcido hasta el punto de que ya no tendr\u00e1 un impacto significativo en su vida.<\/p>\r\n<h3>Tratamientos para aliviar el dolor de cuello<\/h3>\r\n<p><iframe loading=\"lazy\" src=\"https:\/\/www.youtube.com\/embed\/Z55I7g5ukyw?feature=oembed\" width=\"500\" height=\"281\" frameborder=\"0\" allowfullscreen=\"allowfullscreen\"><\/iframe><\/p>\r\n<h2>\u00bfME PUEDEN AYUDAR CON MI DOLOR DE CUELLO?<\/h2>\r\n<p>\u00a1S\u00ed! \u00a1Podemos ayudarle absolutamente con su dolor de cuello! El mejor tratamiento para usted depender\u00e1 de la fuente exacta que est\u00e9 causando su dolor de cuello. Nuestros m\u00e9dicos tienen capacitaci\u00f3n especial para diagnosticar y determinar el tratamiento de las diversas causas del dolor de cuello.<\/p>\r\n<p>El primer paso es visitar a uno de nuestros proveedores de atenci\u00f3n m\u00e9dica quiropr\u00e1ctica, quien determinar\u00e1 el mejor curso de atenci\u00f3n para sus necesidades individuales. Despu\u00e9s de un historial extenso de su dolor de cuello o dolor de cabeza y un examen exhaustivo, el m\u00e9dico quiropr\u00e1ctico le proporcionar\u00e1 un plan de tratamiento dise\u00f1ado espec\u00edficamente para aliviar el dolor y volver a vivir la vida m\u00e1s saludable posible.<\/p>\r\n<p>El tratamiento de lesiones de cuello o dolores de cabeza suele ser m\u00e1s r\u00e1pido y con mejores resultados si no se retrasa, as\u00ed que no espere para llamarnos para programar una cita si sufre de dolor de cuello o dolores de cabeza. \u00a1Te podemos ayudar hoy!<\/p>","protected":false},"excerpt":{"rendered":"<p>Alivio del dolor de cuello \u00bfPOR QU\u00c9 ME DUELE EL CUELLO? El dolor de cuello puede ser causado por muchas afecciones diferentes y debe ser evaluado por un proveedor de atenci\u00f3n m\u00e9dica para determinar la causa espec\u00edfica de su dolor. Al igual que con otras \u00e1reas del cuerpo, el dolor de cuello siempre ocurre de dos maneras: ya sea de una sola...<\/p>","protected":false},"author":2,"featured_media":0,"parent":0,"menu_order":0,"comment_status":"closed","ping_status":"closed","template":"tpl-sidebar.php","meta":{"_seopress_robots_primary_cat":"","_seopress_titles_title":"Neck Pain - Opdahl Chiropractic &amp; Massage","_seopress_titles_desc":"","_seopress_robots_index":"","inline_featured_image":false,"footnotes":""},"class_list":["post-19","page","type-page","status-publish","hentry"],"_links":{"self":[{"href":"https:\/\/opdahlchiropractic.net\/es\/wp-json\/wp\/v2\/pages\/19","targetHints":{"allow":["GET"]}}],"collection":[{"href":"https:\/\/opdahlchiropractic.net\/es\/wp-json\/wp\/v2\/pages"}],"about":[{"href":"https:\/\/opdahlchiropractic.net\/es\/wp-json\/wp\/v2\/types\/page"}],"author":[{"embeddable":true,"href":"https:\/\/opdahlchiropractic.net\/es\/wp-json\/wp\/v2\/users\/2"}],"replies":[{"embeddable":true,"href":"https:\/\/opdahlchiropractic.net\/es\/wp-json\/wp\/v2\/comments?post=19"}],"version-history":[{"count":5,"href":"https:\/\/opdahlchiropractic.net\/es\/wp-json\/wp\/v2\/pages\/19\/revisions"}],"predecessor-version":[{"id":1073,"href":"https:\/\/opdahlchiropractic.net\/es\/wp-json\/wp\/v2\/pages\/19\/revisions\/1073"}],"wp:attachment":[{"href":"https:\/\/opdahlchiropractic.net\/es\/wp-json\/wp\/v2\/media?parent=19"}],"curies":[{"name":"wp","href":"https:\/\/api.w.org\/{rel}","templated":true}]}}