{"id":177,"date":"2016-09-11T04:14:44","date_gmt":"2016-09-11T11:14:44","guid":{"rendered":"https:\/\/opdahlchiropractic.net\/?page_id=177"},"modified":"2023-12-06T13:33:12","modified_gmt":"2023-12-06T21:33:12","slug":"welcome","status":"publish","type":"page","link":"https:\/\/opdahlchiropractic.net\/es\/welcome\/","title":{"rendered":"Bienvenido"},"content":{"rendered":"<h1>El cielo es el limite.<\/h1>\n<p style=\"text-align: center;\">Logre grandes cosas con FastLine Page Builder en su arsenal.<\/p>\n<p><a role=\"button\" href=\"#\" target=\"_self\" rel=\"noopener\"><br \/>\nSaber m\u00e1s<br \/>\n<\/a><br \/>\n<a href=\"#\" target=\"_self\" rel=\"noopener\"><br \/>\n<img decoding=\"async\" src=\"http:\/\/demos.wpbeaverbuilder.com\/wp-content\/uploads\/bb-plugin\/cache\/settings-square.png\" alt=\"settings\" \/><br \/>\n<\/a><\/p>\n<h3><a href=\"#\" target=\"_self\" rel=\"noopener\">Nuestros servicios<\/a><\/h3>\n<p>Divino eodem altae tum sinistra phoebe aequalis unda secante. Abscidit pro haec habitabilis aere litora mollia.<\/p>\n<p><a href=\"#\" target=\"_self\" rel=\"noopener\">Leer m\u00e1s<\/a><br \/>\n<a href=\"#\" target=\"_self\" rel=\"noopener\"><br \/>\n<img decoding=\"async\" src=\"http:\/\/demos.fastlinemedia.com\/wp-content\/uploads\/sites\/4\/2014\/03\/work.png\" alt=\"work\" \/><br \/>\n<\/a><\/p>\n<h3><a href=\"#\" target=\"_self\" rel=\"noopener\">Nuestro trabajo<\/a><\/h3>\n<p>Divino eodem altae tum sinistra phoebe aequalis unda secante. Abscidit pro haec habitabilis aere litora mollia.<\/p>\n<p><a href=\"#\" target=\"_self\" rel=\"noopener\">Leer m\u00e1s<\/a><br \/>\n<a href=\"#\" target=\"_self\" rel=\"noopener\"><br \/>\n<img decoding=\"async\" src=\"http:\/\/demos.fastlinemedia.com\/wp-content\/uploads\/sites\/4\/2014\/03\/chat.png\" alt=\"chat\" \/><br \/>\n<\/a><\/p>\n<h3><a href=\"#\" target=\"_self\" rel=\"noopener\">Ponerse en contacto<\/a><\/h3>\n<p>Divino eodem altae tum sinistra phoebe aequalis unda secante. Abscidit pro haec habitabilis aere litora mollia.<\/p>\n<p><a href=\"#\" target=\"_self\" rel=\"noopener\">Leer m\u00e1s<\/a><\/p>\n<h1>\u00a1M\u00edranos en acci\u00f3n!<\/h1>\n<p><iframe loading=\"lazy\" src=\"\/\/www.youtube.com\/embed\/5NutJQEHnak?rel=0\" width=\"640\" height=\"360\" frameborder=\"0\" allowfullscreen=\"allowfullscreen\"><\/iframe><\/p>\n<h2>Effigiem montes moles persidaque<\/h2>\n<p style=\"text-align: center;\">Melioris contraria modo tollere quicquam sed traxit nix. \u00a1Sibi cepit! Secu modo umentia timebat surgere exemit praebebat lanient cumis.<\/p>\n<h2>Evolvit piscibus radios origo<\/h2>\n<p style=\"text-align: center;\">Mare humanas carentem frigida calidis. Dissaepserat mixta. Cingebant aliis calidis summaque. Origo altae carmen fidem septemque.<\/p>\n<h3>F\u00e1cil de usar<\/h3>\n<p>Lorem ipsum dolor sit amet, consectetur adipiscing elit mauris vel volutpat neque nec.<\/p>\n<h3>Bien codificado<\/h3>\n<p>Lorem ipsum dolor sit amet, consectetur adipiscing elit mauris vel volutpat neque nec.<\/p>\n<h3>Actualizaciones instant\u00e1neas<\/h3>\n<p>Lorem ipsum dolor sit amet, consectetur adipiscing elit mauris vel volutpat neque nec.<\/p>\n<h3>Soporte estelar<\/h3>\n<p>Lorem ipsum dolor sit amet, consectetur adipiscing elit mauris vel volutpat neque nec.<\/p>\n<h3>\u00bfListo para encontrar m\u00e1s? \u00a1P\u00f3ngase en contacto con nosotros para una cotizaci\u00f3n!<\/h3>\n<p>Lorem ipsum dolor sit amet consectetur adipiscing elit.<\/p>\n<p><a role=\"button\" href=\"#\" target=\"_self\" rel=\"noopener\"><br \/>\nEmpiece hoy<br \/>\n<\/a><\/p>","protected":false},"excerpt":{"rendered":"<p>El cielo es el l\u00edmite. Logre grandes cosas con FastLine Page Builder en su arsenal. Obtenga m\u00e1s informaci\u00f3n Nuestros servicios Divino eodem altae tum sinistra phoebe aequalis unda secant. Abscidit pro haec habitabilis aere litora mollia. Leer m\u00e1s Nuestro trabajo Divino eodem altae tum sinistra phoebe aequalis unda secant. Abscidit pro haec habitabilis aere\u2026<\/p>","protected":false},"author":2,"featured_media":0,"parent":0,"menu_order":0,"comment_status":"closed","ping_status":"closed","template":"","meta":{"_seopress_robots_primary_cat":"","_seopress_titles_title":"","_seopress_titles_desc":"","_seopress_robots_index":"","inline_featured_image":false,"footnotes":""},"class_list":["post-177","page","type-page","status-publish","hentry"],"_links":{"self":[{"href":"https:\/\/opdahlchiropractic.net\/es\/wp-json\/wp\/v2\/pages\/177","targetHints":{"allow":["GET"]}}],"collection":[{"href":"https:\/\/opdahlchiropractic.net\/es\/wp-json\/wp\/v2\/pages"}],"about":[{"href":"https:\/\/opdahlchiropractic.net\/es\/wp-json\/wp\/v2\/types\/page"}],"author":[{"embeddable":true,"href":"https:\/\/opdahlchiropractic.net\/es\/wp-json\/wp\/v2\/users\/2"}],"replies":[{"embeddable":true,"href":"https:\/\/opdahlchiropractic.net\/es\/wp-json\/wp\/v2\/comments?post=177"}],"version-history":[{"count":3,"href":"https:\/\/opdahlchiropractic.net\/es\/wp-json\/wp\/v2\/pages\/177\/revisions"}],"predecessor-version":[{"id":870,"href":"https:\/\/opdahlchiropractic.net\/es\/wp-json\/wp\/v2\/pages\/177\/revisions\/870"}],"wp:attachment":[{"href":"https:\/\/opdahlchiropractic.net\/es\/wp-json\/wp\/v2\/media?parent=177"}],"curies":[{"name":"wp","href":"https:\/\/api.w.org\/{rel}","templated":true}]}}