{"id":17,"date":"2016-06-12T14:30:14","date_gmt":"2016-06-12T14:30:14","guid":{"rendered":"http:\/\/www.jastodesign.com\/opdahlchiropractic\/?page_id=17"},"modified":"2023-03-15T13:38:54","modified_gmt":"2023-03-15T20:38:54","slug":"fibromayalgia","status":"publish","type":"page","link":"https:\/\/opdahlchiropractic.net\/es\/back-pain\/fibromayalgia\/","title":{"rendered":"fibromaalgia"},"content":{"rendered":"<h1>\n\t\tAlivio de la fibromialgia\n\t<\/h1>\n\t<p>La fibromialgia se caracteriza por dolor y sensibilidad generalizados en todo el cuerpo y puede provocar sentimientos de impotencia. Con la fibromialgia, incluso los toques ligeros pueden resultar dolorosos. Puede resultar dif\u00edcil realizar actividades normales debido al miedo al dolor. La causa subyacente de la fibromialgia es causada por una inflamaci\u00f3n cr\u00f3nica en todo el cuerpo. Esta afecci\u00f3n puede comenzar despu\u00e9s de una lesi\u00f3n, pero es un problema que dura toda la vida. Para muchos, tambi\u00e9n existe un componente del nervio espinal que aumenta el dolor y los s\u00edntomas que experimentan. La irritaci\u00f3n de la m\u00e9dula espinal y otros nervios provoca m\u00e1s inflamaci\u00f3n en todo el cuerpo y dolor cr\u00f3nico, a menudo intenso. El tratamiento destinado a disminuir la inflamaci\u00f3n y la irritaci\u00f3n alrededor de los nervios disminuir\u00e1 el dolor en todo el cuerpo y mejorar\u00e1 su calidad de vida. Adem\u00e1s, las mejoras en la dieta y, en algunos casos, la p\u00e9rdida de peso pueden resultar de gran ayuda. Actualmente no existe cura para la fibromialgia, pero el tratamiento adecuado puede mejorar significativamente los niveles de dolor y limitar los per\u00edodos de discapacidad. P\u00f3ngase en contacto con nuestra cl\u00ednica m\u00e1s cercana para recibir ayuda. Estamos ubicados en Battle Ground, East Vancouver, Gresham, Hazel Dell y Woodland.<\/p>\n\t\t\t<h3>Causa com\u00fan fibromialgia<\/h3>\t\t\t\n\t<iframe loading=\"lazy\" width=\"500\" height=\"281\" src=\"https:\/\/www.youtube.com\/embed\/DlXa95YSxo8?feature=oembed\" frameborder=\"0\" allowfullscreen><\/iframe>\n\t\t\t<h3>Tratamientos para aliviar la fibromialgia<\/h3>\t\t\t\n\t<iframe loading=\"lazy\" width=\"500\" height=\"281\" src=\"https:\/\/www.youtube.com\/embed\/5qZ0ogOyD2s?feature=oembed\" frameborder=\"0\" allowfullscreen><\/iframe>","protected":false},"excerpt":{"rendered":"<p>Alivio de la fibromialgia La fibromialgia se caracteriza por dolor y sensibilidad generalizados en todo el cuerpo y puede provocar sentimientos de impotencia. Con la fibromialgia, incluso los toques ligeros pueden resultar dolorosos. Puede resultar dif\u00edcil realizar actividades normales debido al miedo al dolor. La causa subyacente de la fibromialgia es causada por una inflamaci\u00f3n cr\u00f3nica en todo el cuerpo. Este\u2026<\/p>","protected":false},"author":2,"featured_media":0,"parent":9,"menu_order":0,"comment_status":"closed","ping_status":"closed","template":"tpl-sidebar.php","meta":{"_seopress_robots_primary_cat":"","_seopress_titles_title":"","_seopress_titles_desc":"","_seopress_robots_index":"","inline_featured_image":false,"footnotes":""},"class_list":["post-17","page","type-page","status-publish","hentry"],"_links":{"self":[{"href":"https:\/\/opdahlchiropractic.net\/es\/wp-json\/wp\/v2\/pages\/17","targetHints":{"allow":["GET"]}}],"collection":[{"href":"https:\/\/opdahlchiropractic.net\/es\/wp-json\/wp\/v2\/pages"}],"about":[{"href":"https:\/\/opdahlchiropractic.net\/es\/wp-json\/wp\/v2\/types\/page"}],"author":[{"embeddable":true,"href":"https:\/\/opdahlchiropractic.net\/es\/wp-json\/wp\/v2\/users\/2"}],"replies":[{"embeddable":true,"href":"https:\/\/opdahlchiropractic.net\/es\/wp-json\/wp\/v2\/comments?post=17"}],"version-history":[{"count":6,"href":"https:\/\/opdahlchiropractic.net\/es\/wp-json\/wp\/v2\/pages\/17\/revisions"}],"predecessor-version":[{"id":919,"href":"https:\/\/opdahlchiropractic.net\/es\/wp-json\/wp\/v2\/pages\/17\/revisions\/919"}],"up":[{"embeddable":true,"href":"https:\/\/opdahlchiropractic.net\/es\/wp-json\/wp\/v2\/pages\/9"}],"wp:attachment":[{"href":"https:\/\/opdahlchiropractic.net\/es\/wp-json\/wp\/v2\/media?parent=17"}],"curies":[{"name":"wp","href":"https:\/\/api.w.org\/{rel}","templated":true}]}}