{"id":15,"date":"2016-06-12T14:29:56","date_gmt":"2016-06-12T14:29:56","guid":{"rendered":"http:\/\/www.jastodesign.com\/opdahlchiropractic\/?page_id=15"},"modified":"2023-03-15T14:00:16","modified_gmt":"2023-03-15T21:00:16","slug":"scoliosis","status":"publish","type":"page","link":"https:\/\/opdahlchiropractic.net\/es\/back-pain\/scoliosis\/","title":{"rendered":"Escoliosis"},"content":{"rendered":"<h1>Alivio de la escoliosis<\/h1>\r\n<p>La escoliosis es una curvatura anormal de la columna de lado a lado. Normalmente, la columna tiene curvas que van hacia adelante y hacia atr\u00e1s, pero parece recta cuando se ve desde atr\u00e1s o desde adelante. En la escoliosis, hay curvas hacia la izquierda o hacia la derecha que se ven en las radiograf\u00edas desde el frente o desde atr\u00e1s. En casos severos, la curva espinal anormal se puede ver a simple vista y puede incluso causar cambios posturales significativos. El s\u00edntoma m\u00e1s com\u00fan de la escoliosis es el dolor. El dolor de la escoliosis puede variar desde una leve molestia hasta un dolor debilitante que interfiere con todos los aspectos de su vida. El tratamiento con tracci\u00f3n biof\u00edsica puede mejorar significativamente la curva de la columna y proporcionar un alivio a largo plazo del dolor y la discapacidad provocados por la escoliosis.<\/p>\r\n<p>Si sufre de escoliosis o sospecha que su hijo puede tener escoliosis, programe una cita con uno de nuestros m\u00e9dicos quiropr\u00e1cticos ubicados en Battle Ground, East Vancouver, Gresham, Hazel Dell o Woodland para determinar el plan de tratamiento m\u00e1s apropiado para usted o su que el ni\u00f1o salga del dolor y vuelva a tener una vida plena lo antes posible. El tratamiento a edades m\u00e1s tempranas generalmente resulta en una correcci\u00f3n m\u00e1s r\u00e1pida de la disfunci\u00f3n biomec\u00e1nica que conduce a la escoliosis.<\/p>\r\n<h3>Causa com\u00fan Escoliosis<\/h3>\r\n<p><iframe loading=\"lazy\" src=\"https:\/\/www.youtube.com\/embed\/4CAEfc_GMyk?feature=oembed\" width=\"500\" height=\"281\" frameborder=\"0\" allowfullscreen=\"allowfullscreen\"><\/iframe><\/p>\r\n<h3>Tratamientos para aliviar la escoliosis<\/h3>\r\n<p><iframe loading=\"lazy\" src=\"https:\/\/www.youtube.com\/embed\/JWNtXuGodCk?feature=oembed\" width=\"500\" height=\"281\" frameborder=\"0\" allowfullscreen=\"allowfullscreen\"><\/iframe><\/p>","protected":false},"excerpt":{"rendered":"<p>Alivio de la escoliosis La escoliosis es una curva anormal de la columna de lado a lado. Normalmente, la columna tiene curvas que van hacia adelante y hacia atr\u00e1s, pero parece recta cuando se ve desde atr\u00e1s o desde adelante. En la escoliosis, hay curvas hacia la izquierda o hacia la derecha que se ven en las radiograf\u00edas desde el frente o desde atr\u00e1s. En\u2026<\/p>","protected":false},"author":2,"featured_media":0,"parent":9,"menu_order":0,"comment_status":"closed","ping_status":"closed","template":"tpl-sidebar.php","meta":{"_seopress_robots_primary_cat":"","_seopress_titles_title":"","_seopress_titles_desc":"","_seopress_robots_index":"","inline_featured_image":false,"footnotes":""},"class_list":["post-15","page","type-page","status-publish","hentry"],"_links":{"self":[{"href":"https:\/\/opdahlchiropractic.net\/es\/wp-json\/wp\/v2\/pages\/15","targetHints":{"allow":["GET"]}}],"collection":[{"href":"https:\/\/opdahlchiropractic.net\/es\/wp-json\/wp\/v2\/pages"}],"about":[{"href":"https:\/\/opdahlchiropractic.net\/es\/wp-json\/wp\/v2\/types\/page"}],"author":[{"embeddable":true,"href":"https:\/\/opdahlchiropractic.net\/es\/wp-json\/wp\/v2\/users\/2"}],"replies":[{"embeddable":true,"href":"https:\/\/opdahlchiropractic.net\/es\/wp-json\/wp\/v2\/comments?post=15"}],"version-history":[{"count":7,"href":"https:\/\/opdahlchiropractic.net\/es\/wp-json\/wp\/v2\/pages\/15\/revisions"}],"predecessor-version":[{"id":927,"href":"https:\/\/opdahlchiropractic.net\/es\/wp-json\/wp\/v2\/pages\/15\/revisions\/927"}],"up":[{"embeddable":true,"href":"https:\/\/opdahlchiropractic.net\/es\/wp-json\/wp\/v2\/pages\/9"}],"wp:attachment":[{"href":"https:\/\/opdahlchiropractic.net\/es\/wp-json\/wp\/v2\/media?parent=15"}],"curies":[{"name":"wp","href":"https:\/\/api.w.org\/{rel}","templated":true}]}}