{"id":13,"date":"2016-06-12T14:29:39","date_gmt":"2016-06-12T14:29:39","guid":{"rendered":"http:\/\/www.jastodesign.com\/opdahlchiropractic\/?page_id=13"},"modified":"2024-04-25T21:31:20","modified_gmt":"2024-04-26T04:31:20","slug":"sciatica","status":"publish","type":"page","link":"https:\/\/opdahlchiropractic.net\/es\/back-pain\/sciatica\/","title":{"rendered":"Ci\u00e1tica"},"content":{"rendered":"<h1>Alivio de la ci\u00e1tica<\/h1>\r\n<p>La ci\u00e1tica se refiere a la irritaci\u00f3n del nervio ci\u00e1tico, el nervio principal que va desde la zona lumbar hasta el dedo gordo del pie. El nervio ci\u00e1tico transporta se\u00f1ales que controlan los m\u00fasculos y las sensaciones en la parte posterior del muslo, la parte inferior de la pierna y todo el pie. Cuando el nervio se irrita, puede provocar varios cambios diferentes, entre ellos: dolor, hormigueo, entumecimiento y debilidad muscular en la pierna, el tobillo o el pie.<\/p>\r\n<p>Los s\u00edntomas de la ci\u00e1tica ocurren en un solo lado del cuerpo. Hay dos subtipos de ci\u00e1tica que su m\u00e9dico debe distinguir para determinar el m\u00e9todo de tratamiento m\u00e1s eficaz. Su m\u00e9dico quiropr\u00e1ctico determinar\u00e1 el origen de sus s\u00edntomas de ci\u00e1tica y le proporcionar\u00e1 un plan para abordar la causa ra\u00edz. Elija el m\u00e9dico m\u00e1s cercano a usted. Convenientemente ubicado en Battle Ground, East Vancouver, Gresham, Hazel Dell y Woodland.<\/p>\r\n<h3>VERDADERA CI\u00c1TICA<\/h3>\r\n<p>Con la ci\u00e1tica verdadera, la irritaci\u00f3n del nervio ci\u00e1tico ocurre en la parte baja de la espalda y generalmente se debe a una hernia de disco o un secuestro. El disco ejerce presi\u00f3n sobre el nervio cuando comienza a formarse en la parte baja de la espalda. El nervio ci\u00e1tico responde a la presi\u00f3n enviando se\u00f1ales de dolor, debilidad, hormigueo o entumecimiento. Si no se trata, esto puede convertirse en una condici\u00f3n debilitante con impactos significativos en su capacidad para trabajar y cuidar de s\u00ed mismo o de sus seres queridos y afectar\u00e1 negativamente su perspectiva de la vida y su satisfacci\u00f3n general con la vida. Con el cuidado adecuado, los s\u00edntomas de la ci\u00e1tica pueden mejorar significativamente o incluso resolverse por completo, y podr\u00e1 volver a encontrar alegr\u00eda en la vida cotidiana sin dolores intensos ni disfunciones.<\/p>\r\n<h3>S\u00cdNDROME PIRIFORME<\/h3>\r\n<p>El s\u00edndrome piriforme tambi\u00e9n es una irritaci\u00f3n del nervio ci\u00e1tico y tiene los mismos s\u00edntomas que la ci\u00e1tica verdadera: dolor, entumecimiento, hormigueo y debilidad en la pierna. La diferencia es la fuente de la irritaci\u00f3n del nervio. El s\u00edndrome piriforme es causado por el m\u00fasculo piriforme (un m\u00fasculo en las nalgas que ayuda a girar la pierna hacia afuera) pellizcando el nervio ci\u00e1tico a medida que avanza hacia la pierna. Al igual que con la ci\u00e1tica verdadera, el s\u00edndrome piriforme si no se trata tendr\u00e1 impactos significativos en su salud y calidad de vida. El tratamiento adecuado a menudo puede proporcionar un alivio completo de los s\u00edntomas del s\u00edndrome piriforme.<\/p>\r\n<h3>Tratamientos para aliviar la ci\u00e1tica<\/h3>\r\n<p><iframe loading=\"lazy\" src=\"https:\/\/www.youtube.com\/embed\/EKA5HlK7v1E?feature=oembed\" width=\"500\" height=\"281\" frameborder=\"0\" allowfullscreen=\"allowfullscreen\"><\/iframe><\/p>","protected":false},"excerpt":{"rendered":"<p>Alivio de la ci\u00e1tica La ci\u00e1tica se refiere a la irritaci\u00f3n del nervio ci\u00e1tico, el nervio principal que va desde la parte baja de la espalda hasta el dedo gordo del pie. El nervio ci\u00e1tico transporta se\u00f1ales que controlan los m\u00fasculos y las sensaciones en la parte posterior del muslo, la parte inferior de la pierna y todo el pie. Cuando el nervio...<\/p>","protected":false},"author":2,"featured_media":0,"parent":9,"menu_order":0,"comment_status":"closed","ping_status":"closed","template":"tpl-sidebar.php","meta":{"_seopress_robots_primary_cat":"","_seopress_titles_title":"Sciatica - Opdahl Chiropractic &amp; Massage","_seopress_titles_desc":"","_seopress_robots_index":"","inline_featured_image":false,"footnotes":""},"class_list":["post-13","page","type-page","status-publish","hentry"],"_links":{"self":[{"href":"https:\/\/opdahlchiropractic.net\/es\/wp-json\/wp\/v2\/pages\/13","targetHints":{"allow":["GET"]}}],"collection":[{"href":"https:\/\/opdahlchiropractic.net\/es\/wp-json\/wp\/v2\/pages"}],"about":[{"href":"https:\/\/opdahlchiropractic.net\/es\/wp-json\/wp\/v2\/types\/page"}],"author":[{"embeddable":true,"href":"https:\/\/opdahlchiropractic.net\/es\/wp-json\/wp\/v2\/users\/2"}],"replies":[{"embeddable":true,"href":"https:\/\/opdahlchiropractic.net\/es\/wp-json\/wp\/v2\/comments?post=13"}],"version-history":[{"count":7,"href":"https:\/\/opdahlchiropractic.net\/es\/wp-json\/wp\/v2\/pages\/13\/revisions"}],"predecessor-version":[{"id":1075,"href":"https:\/\/opdahlchiropractic.net\/es\/wp-json\/wp\/v2\/pages\/13\/revisions\/1075"}],"up":[{"embeddable":true,"href":"https:\/\/opdahlchiropractic.net\/es\/wp-json\/wp\/v2\/pages\/9"}],"wp:attachment":[{"href":"https:\/\/opdahlchiropractic.net\/es\/wp-json\/wp\/v2\/media?parent=13"}],"curies":[{"name":"wp","href":"https:\/\/api.w.org\/{rel}","templated":true}]}}