{"id":11,"date":"2016-06-12T14:29:22","date_gmt":"2016-06-12T14:29:22","guid":{"rendered":"http:\/\/www.jastodesign.com\/opdahlchiropractic\/?page_id=11"},"modified":"2024-05-06T17:06:49","modified_gmt":"2024-05-07T00:06:49","slug":"disc-injury","status":"publish","type":"page","link":"https:\/\/opdahlchiropractic.net\/es\/back-pain\/disc-injury\/","title":{"rendered":"Lesi\u00f3n de disco"},"content":{"rendered":"<h1>\n\t\tAlivio de lesiones de disco\n\t<\/h1>\n\t<p>Las lesiones de disco pueden ocurrir despu\u00e9s de un traumatismo importante o de microtraumatismos repetitivos. Hay tres t\u00e9rminos com\u00fanmente utilizados para describir las lesiones de disco: abultamiento de disco, hernia de disco y secuestro de disco. En realidad, se trata de la misma lesi\u00f3n, s\u00f3lo que con diferentes grados de gravedad. La buena noticia es que, si se trata con las terapias adecuadas, la disfunci\u00f3n de cada una de estas lesiones de disco puede mejorar significativamente o resolverse por completo.<\/p>\n<h3>\n\t\tPROTUBERANCIA DEL DISCO\n\t<\/h3>\n\t\t\t\t<a href=\"https:\/\/opdahlchiropractic.net\/wp-content\/uploads\/2020\/08\/bulging-disc.jpg\" target=\"_self\" itemprop=\"url\" rel=\"noopener\">\n\t\t\t\t<img loading=\"lazy\" decoding=\"async\" src=\"https:\/\/opdahlchiropractic.net\/wp-content\/uploads\/2020\/08\/bulging-disc-288x300.jpg\" alt=\"bulging disc\" itemprop=\"image\" height=\"300\" width=\"288\" title=\"hernia de disco\" onerror=\"this.style.display='none'\"  \/>\n\t\t\t\t<\/a>\n\t<p>Un abultamiento del disco ocurre cuando las fibras alrededor del borde del disco se han roto. Cuando esto ocurre, el centro blando y gelatinoso del disco comienza a salir. Las fibras en el borde del disco que a\u00fan est\u00e1n intactas comienzan a sobresalir de su posici\u00f3n habitual como resultado de que este centro gelatinoso se mueve hacia afuera. Si no se trata, este abultamiento provoca una acumulaci\u00f3n de tejido cicatricial y, finalmente, degeneraci\u00f3n y artritis.<\/p>\n<h3>\n\t\tHERNIA DISCAL\n\t<\/h3>\n\t\t\t\t<a href=\"https:\/\/opdahlchiropractic.net\/wp-content\/uploads\/2020\/08\/herniated-disc.jpg\" target=\"_self\" itemprop=\"url\" rel=\"noopener\">\n\t\t\t\t<img loading=\"lazy\" decoding=\"async\" src=\"https:\/\/opdahlchiropractic.net\/wp-content\/uploads\/2020\/08\/herniated-disc-295x300.jpg\" alt=\"herniated disc\" itemprop=\"image\" height=\"300\" width=\"295\" title=\"hernia de disco\" onerror=\"this.style.display='none'\"  \/>\n\t\t\t\t<\/a>\n\t<p>Las hernias de disco ocurren cuando las fibras alrededor del disco se han desgarrado lo suficiente como para que el centro gelatinoso comience a empujar hacia afuera en una parte espec\u00edfica del disco. Cuando se produce esta hernia, puede ejercer presi\u00f3n sobre el nervio que sale de la m\u00e9dula espinal en ese lugar. La presi\u00f3n sobre los nervios provoca m\u00e1s dolor, entumecimiento, hormigueo y, a veces, debilidad. Si no se trata, una hernia de disco siempre provoca artritis y discapacidad.<\/p>\n<h3>\n\t\tSECUESTRAMIENTO DE DISCO\n\t<\/h3>\n\t\t\t\t<a href=\"https:\/\/opdahlchiropractic.net\/wp-content\/uploads\/2020\/08\/sequestered-disc-1.jpg\" target=\"_self\" itemprop=\"url\" rel=\"noopener\">\n\t\t\t\t<img loading=\"lazy\" decoding=\"async\" src=\"https:\/\/opdahlchiropractic.net\/wp-content\/uploads\/2020\/08\/sequestered-disc-1-300x285.jpg\" alt=\"sequestered disc\" itemprop=\"image\" height=\"285\" width=\"300\" title=\"disco secuestrado\" onerror=\"this.style.display='none'\"  \/>\n\t\t\t\t<\/a>\n\t<p>Un secuestro de disco es la m\u00e1s grave de las lesiones de disco. Con esta condici\u00f3n, el centro gelatinoso blando del disco se ha roto completamente a trav\u00e9s de las fibras que normalmente lo rodean. Esto hace que el centro gelatinoso se mueva hacia el espacio normalmente ocupado por el nervio y causa una irritaci\u00f3n significativa de los nervios e inflamaci\u00f3n local. La irritaci\u00f3n y la inflamaci\u00f3n de los nervios pueden causar dolor, hormigueo, entumecimiento, debilidad o cambios en la capacidad intestinal y de la vejiga. Si no se trata, esta afecci\u00f3n puede provocar limitaciones importantes en la funci\u00f3n y alteraciones graves en el trabajo, el sue\u00f1o y la vida familiar.<\/p>\n\t\t\t<h3>Causa com\u00fan de lesi\u00f3n de disco<\/h3>\t\t\t\n\t<iframe loading=\"lazy\" width=\"500\" height=\"281\" src=\"https:\/\/www.youtube.com\/embed\/ZXKKI4QMHRs?feature=oembed\" frameborder=\"0\" allowfullscreen><\/iframe>\n\t\t\t<h3>Tratamientos para aliviar la lesi\u00f3n de disco<\/h3>\t\t\t\n\t\t\t\t<p>Brindamos tratamiento experto en quiropr\u00e1ctica, masajes y lesiones en nuestras cinco ubicaciones. Estamos ubicados en Battle Ground, East Vancouver, Gresham, Hazel Dell y Woodland.\u00a0<\/p>\n\t<iframe loading=\"lazy\" width=\"500\" height=\"281\" src=\"https:\/\/www.youtube.com\/embed\/5iQG4DxF33M?feature=oembed\" frameborder=\"0\" allowfullscreen><\/iframe>","protected":false},"excerpt":{"rendered":"<p>Alivio de lesiones de disco Las lesiones de disco pueden ocurrir despu\u00e9s de un traumatismo importante o de microtraumatismos repetitivos. Hay tres t\u00e9rminos com\u00fanmente utilizados para describir las lesiones de disco: abultamiento de disco, hernia de disco y secuestro de disco. En realidad, se trata de la misma lesi\u00f3n, s\u00f3lo que con diferentes grados de gravedad. La buena noticia es que, si se trata con la debida atenci\u00f3n...<\/p>","protected":false},"author":2,"featured_media":0,"parent":9,"menu_order":0,"comment_status":"closed","ping_status":"closed","template":"tpl-sidebar.php","meta":{"_seopress_robots_primary_cat":"","_seopress_titles_title":"","_seopress_titles_desc":"","_seopress_robots_index":"","inline_featured_image":false,"footnotes":""},"class_list":["post-11","page","type-page","status-publish","hentry"],"_links":{"self":[{"href":"https:\/\/opdahlchiropractic.net\/es\/wp-json\/wp\/v2\/pages\/11","targetHints":{"allow":["GET"]}}],"collection":[{"href":"https:\/\/opdahlchiropractic.net\/es\/wp-json\/wp\/v2\/pages"}],"about":[{"href":"https:\/\/opdahlchiropractic.net\/es\/wp-json\/wp\/v2\/types\/page"}],"author":[{"embeddable":true,"href":"https:\/\/opdahlchiropractic.net\/es\/wp-json\/wp\/v2\/users\/2"}],"replies":[{"embeddable":true,"href":"https:\/\/opdahlchiropractic.net\/es\/wp-json\/wp\/v2\/comments?post=11"}],"version-history":[{"count":10,"href":"https:\/\/opdahlchiropractic.net\/es\/wp-json\/wp\/v2\/pages\/11\/revisions"}],"predecessor-version":[{"id":1138,"href":"https:\/\/opdahlchiropractic.net\/es\/wp-json\/wp\/v2\/pages\/11\/revisions\/1138"}],"up":[{"embeddable":true,"href":"https:\/\/opdahlchiropractic.net\/es\/wp-json\/wp\/v2\/pages\/9"}],"wp:attachment":[{"href":"https:\/\/opdahlchiropractic.net\/es\/wp-json\/wp\/v2\/media?parent=11"}],"curies":[{"name":"wp","href":"https:\/\/api.w.org\/{rel}","templated":true}]}}