{"id":1096,"date":"2024-05-01T10:26:19","date_gmt":"2024-05-01T17:26:19","guid":{"rendered":"https:\/\/opdahlchiropractic.net\/?page_id=1096"},"modified":"2024-08-21T18:40:32","modified_gmt":"2024-08-22T01:40:32","slug":"woodland","status":"publish","type":"page","link":"https:\/\/opdahlchiropractic.net\/es\/woodland\/","title":{"rendered":"Bosque \u2013 Inicio"},"content":{"rendered":"<h4>OPDAHL QUIROPR\u00c1CTICA EN WOODLAND, WA<br \/>SOMOS TU <a href=\"https:\/\/opdahlchiropractic.net\/es\/auto-injury\/\">ACCIDENTE DE AUTO<\/a> \u00a1ESPECIALISTAS!<br \/><a href=\"https:\/\/opdahlchiropractic.net\/es\/auto-injury\/\">Descubra c\u00f3mo podemos ayudarle a recuperarse de un accidente automovil\u00edstico.<\/a><br \/>Cl\u00ednicas ubicadas en Battle Ground, East Vancouver, Gresham, Hazel Dell y Woodland<\/h4><h2>Descubra terapias eficaces de quiropr\u00e1ctica y medicina de masaje para aliviar su dolor, reducir sus espasmos musculares y aumentar su movilidad r\u00e1pidamente.<\/h2>\t\t\t\n\t<h3>\n\t\t\t\t\u00a1Un equipo experto de m\u00e9dicos y especialistas aqu\u00ed para resolver todas sus necesidades de articulaciones y artritis!\n\t\t\t<\/h3>\n\t<iframe loading=\"lazy\" width=\"500\" height=\"281\" src=\"https:\/\/www.youtube.com\/embed\/5Y7hnKfJsU4?feature=oembed\" frameborder=\"0\" allowfullscreen><\/iframe>\n<h2>\n\t\t\u00bfME PUEDEN AYUDAR CON MI DOLOR DE ESPALDA?\n\t<\/h2>\n\t<p>\u00a1S\u00ed! \u00a1Podemos ayudarle absolutamente con su dolor de espalda! El mejor tratamiento para usted depender\u00e1 del problema exacto que causa su dolor de espalda, para el cual nuestros m\u00e9dicos tienen capacitaci\u00f3n especial para diagnosticar.<\/p>\n<p>El primer paso es visitar a uno de nuestros m\u00e9dicos quiropr\u00e1cticos, quien determinar\u00e1 el mejor tratamiento para sus necesidades individuales. Despu\u00e9s de un historial extenso de su dolor lumbar y un examen exhaustivo, el m\u00e9dico quiropr\u00e1ctico le proporcionar\u00e1 un plan de tratamiento dise\u00f1ado espec\u00edficamente para ayudarlo a aliviar el dolor y volver a vivir la vida m\u00e1s saludable posible. Las lesiones por dolor de espalda suelen sanar m\u00e1s lentamente si se retrasa el tratamiento, as\u00ed que no espere. \u00a1Ll\u00e1manos y agenda si sufres de dolor lumbar!<\/p>\n\t\t\t\t\tMakeala Arnett Hace 3 semanas \u00a1El Dr. Ward es incre\u00edble! No solo es un m\u00e9dico incre\u00edble y tiene mucho conocimiento, sino que tambi\u00e9n es muy agradable y divertido. La tracci\u00f3n y el ejercicio tambi\u00e9n\u2026\n\t\t\t\t\t\t\t <a href=\"https:\/\/www.google.com\/maps\/contrib\/101795305201000590889\/place\/ChIJ7xp0-iZPlFQRZfGDeA1Mf2I\" target=\"_blank\" rel=\"noopener noreferrer\">Leer m\u00e1s &quot;<\/a>\n\t\t\t\t\tRamona Paul Hace 2 semanas Mi primera visita fue sin cita previa porque ten\u00eda dolor ci\u00e1tico y necesitaba ayuda. Consegu\u00ed una cita ese d\u00eda y el doctor Ward hizo x\u2026\n\t\t\t\t\t\t\t <a href=\"https:\/\/www.google.com\/maps\/contrib\/108804064906842888031\/place\/ChIJ7xp0-iZPlFQRZfGDeA1Mf2I\" target=\"_blank\" rel=\"noopener noreferrer\">Leer m\u00e1s &quot;<\/a>\n\t\t\t\t\tTaylor Moore Hace 2 semanas Realmente aprecio toda la atenci\u00f3n y la personalidad que ofrecen en Opdahl. \ud83d\ude42 Los ajustes y sugerencias del Dr. Ward sobre c\u00f3mo mejorar mi parte inferior\u2026\n\t\t\t\t\t\t\t <a href=\"https:\/\/www.google.com\/maps\/contrib\/113407379712968741519\/place\/ChIJ7xp0-iZPlFQRZfGDeA1Mf2I\" target=\"_blank\" rel=\"noopener noreferrer\">Leer m\u00e1s &quot;<\/a>\n\t\t\t\t\tWesley Whitlock hace un a\u00f1o Excelente lugar para ir, el personal es muy agradable y servicial. United Healthcare trabaja en este quiropr\u00e1ctico. Stacy (una de las personas que atienden en el mostrador)\u2026\n\t\t\t\t\t\t\t <a href=\"https:\/\/www.google.com\/maps\/contrib\/112145603093984719205\/place\/ChIJ7xp0-iZPlFQRZfGDeA1Mf2I\" target=\"_blank\" rel=\"noopener noreferrer\">Leer m\u00e1s &quot;<\/a>\n\t\t\t\t\tAaron Ast Hace 2 meses El personal es muy amable y el ambiente es relajado. Horarios muy flexibles. Vine solo para un peque\u00f1o chequeo y descubr\u00ed que ten\u00eda dolor de espalda\u2026\n\t\t\t\t\t\t\t <a href=\"https:\/\/www.google.com\/maps\/contrib\/115578661191754530059\/place\/ChIJ7xp0-iZPlFQRZfGDeA1Mf2I\" target=\"_blank\" rel=\"noopener noreferrer\">Leer m\u00e1s &quot;<\/a>\n\t\t\t<a href=\"https:\/\/opdahlchiropractic.net\/es\/contact\/\" target=\"_self\" role=\"button\" aria-label=\"&lt;h1&gt;Programe su cita hoy&lt;\/h1&gt;\" rel=\"noopener\">\n\t\t\t\t\t\t\t<h1>Programe su cita hoy<\/h1>\n\t\t<\/a>\n\t\t\t<h2>UBICACI\u00d3N<\/h2>\t\t\t\n<h2>\n\t\tQuiropr\u00e1ctica Opdahl - Woodland\n\t<\/h2>\n\t<a href=\"https:\/\/maps.app.goo.gl\/C8Pjfc7XERPpHNkR6\" target=\"_blank\" rel=\"noopener\">650 Goerig St.<\/a><br \/>\n<a href=\"https:\/\/maps.app.goo.gl\/C8Pjfc7XERPpHNkR6\" target=\"_blank\" rel=\"noopener\"> Woodland, WA 98674<\/a>\n<p><a href=\"tel:3608417261\">(360) 841-7261<\/a><\/p>\n\t<iframe src=\"https:\/\/www.google.com\/maps\/embed\/v1\/place?q=650+Goerig+St%2C+%0AWoodland%2C+WA+98674&#038;key=AIzaSyD09zQ9PNDNNy9TadMuzRV_UsPUoWKntt8\" aria-hidden=\"true\" title=\"Opdahl Quiropr\u00e1ctica - Woodland\"><\/iframe>\n\t\t\t<h2>SOLICITUD DE INFORMACI\u00d3N Y CITAS<\/h2>\t\t\t\n\t<h2>\n\t\t\t\tLAS 4 PRINCIPALES PREOCUPACIONES QUE PREGUNTAN LOS NUEVOS PACIENTES\n\t\t\t<\/h2>\n\t\t\t\t\t\t<h3>\u00bfCU\u00c1L ES MI PROBLEMA?<\/h3>\n\t\t\t<p>Despu\u00e9s de una consulta deber\u00edamos tener una idea bastante clara de si podremos ayudar. Si descubrimos que su problema no es uno en el que podamos ayudarlo, lo derivaremos al especialista adecuado.<\/p>\n\t\t\t\t\t\t<h3>\u00bfPODEMOS AYUDAR?<\/h3>\n\t\t\t<p>Al final de la consulta y examen sabremos qu\u00e9 est\u00e1 causando su dolor. En ese momento compartiremos con usted todos nuestros hallazgos y posibles opciones de tratamiento antes de comenzar la atenci\u00f3n.<\/p>\n\t\t\t\t\t\t<h3>\u00bfCU\u00c1NTO TIEMPO PASAR\u00c1 PARA QUE ME SIENTA MEJOR?<\/h3>\n\t\t\t<p>Si encontramos que podemos ayudar con su condici\u00f3n, comenzaremos la terapia adecuada para iniciar el alivio del dolor ese d\u00eda.<\/p>\n\t\t\t\t\t\t<h3>\u00bfCU\u00c1NTO COSTAR\u00c1 EL TRATAMIENTO?<\/h3>\n\t\t\t<p>Antes de iniciar cualquier terapia, nuestro personal verificar\u00e1 los beneficios de su seguro y revisar\u00e1 los costos de atenci\u00f3n relacionados.<\/p>\n<p>Podemos apreciar su aprensi\u00f3n cuando visita a un nuevo proveedor de atenci\u00f3n m\u00e9dica por primera vez. Nuestro personal comprende y le brindar\u00e1 la cortes\u00eda como tal.<\/p>\n\t<h1>\n\t\t\t\t\u00bfEst\u00e1s adolorido?\n\t\t\t<\/h1>\n\t\t\t<p>\u00a1Programe su consulta hoy!<\/p>\t\n\t<h2><!--\n\t-->\u00a1LL\u00c1MENOS HOY!<!--\t--><!--\n\t-->\n\t<\/h2>\n<h3>\n\t\t<a href=\"tel:3606666001\" title=\"Campo de batalla - (360) 666-6001\" target=\"_self\" rel=\"noopener\">\n\t\tCampo de batalla \u2013 (360) 666-6001\n\t\t<\/a>\n\t<\/h3>\n<h3>\n\t\t<a href=\"tel:3608417261\" title=\"Bosque - (360) 841-7261\" target=\"_self\" rel=\"noopener\">\n\t\tBosque \u2013 (360) 841-7261\n\t\t<\/a>\n\t<\/h3>\n<h3>\n\t\t<a href=\"tel:3605587904\" title=\"Hazel Dell - (360) 558-7904\" target=\"_self\" rel=\"noopener\">\n\t\tHazel Dell \u2013 (360) 558-7904\n\t\t<\/a>\n\t<\/h3>\n<h3>\n\t\t<a href=\"tel:3607872505\" title=\"Este de Vancouver - (360) 787-2505\" target=\"_self\" rel=\"noopener\">\n\t\tEste de Vancouver \u2013 (360) 787-2505\n\t\t<\/a>\n\t<\/h3>\n<h3>\n\t\t<a href=\"tel:5034868008\" title=\"Gresham - (503) 486-8008\" target=\"_self\" rel=\"noopener\">\n\t\tGresham \u2013 (503) 486-8008\n\t\t<\/a>\n\t<\/h3>\n\t<h1>\n\t\t\t\tPreguntas frecuentes sobre costos y seguros\n\t\t\t<\/h1>\n\t<h2>\n\t\t\t\tLAS 3 PREGUNTAS RELACIONADAS CON LOS COSTOS M\u00c1S COMUNES\n\t\t\t<\/h2>\n\t\t\t\t\t\t<h3>\u00bfESTAMOS EN TU PLAN DE SEGURO?<\/h3>\n\t\t\t<p>Opdahl Chiropractic &amp; Massage acepta la mayor\u00eda de las coberturas de seguro que se ofrecen en los condados de Clark, Cowlitz y Multnomah.<\/p>\n\t\t\t\t\t\t<h3>\u00bfCU\u00c1NTO CUESTA EL TRATAMIENTO?<\/h3>\n\t\t\t<p>Hay varias categor\u00edas financieras para los pacientes. Seguro m\u00e9dico importante, Medicare, Medicaid, seguro contra lesiones personales, como lesiones por accidentes automovil\u00edsticos, lesiones por compensaci\u00f3n laboral y pacientes por tiempo de servicio.<\/p>\n<p><strong>Seguro de salud:<\/strong> El pago con seguro depender\u00e1 del deducible, copago o coseguro de esa p\u00f3liza en particular y todos var\u00edan.<\/p>\n<p><strong>Seguro m\u00e9dico del estado:<\/strong> El seguro de Medicare cubre la atenci\u00f3n quiropr\u00e1ctica con beneficios limitados. Sin embargo, el copago y los deducibles son relativamente bajos.<\/p>\n<p><strong>Seguro de lesiones personales:<\/strong> El seguro de lesiones personales cubre en su mayor parte la quiropr\u00e1ctica, los masajes y la medicina regenerativa con poco o ning\u00fan gasto de bolsillo para el paciente.<\/p>\n<p><strong>Hora de Servicio:<\/strong> Los pacientes por tiempo de servicio pueden recibir un descuento por tiempo de servicio, planes de pago y planes de descuento.<\/p>\n\t\t\t\t\t\t<h3>\u00bfQU\u00c9 CUBRE MI SEGURO?<\/h3>\n\t\t\t<p>Sus beneficios de quiropr\u00e1ctica, masajes y medicina regenerativa ser\u00e1n verificados en su primera visita. Todas las pol\u00edticas var\u00edan y deber\u00edan verificarse individualmente. Nuestro personal puede verificar la cobertura de su seguro dentro de las 24 horas.<\/p>\n\t\t\t<h2>CONDICIONES QUE RESPONDEN AL TRATAMIENTO<\/h2>\t\t\t\n\t\t\t<h2>LO QUE NOS HACE ESPECIAL<\/h2>\t\t\t\n\t\t\t\t<img decoding=\"async\" src=\"https:\/\/opdahlchiropractic.net\/wp-content\/uploads\/bb-plugin\/cache\/spinal-manipulation-square.jpg\" alt=\"spinal-manipulation\" title=\"manipulaci\u00f3n-espinal\" itemprop=\"image\"\/>\n\t\t<h3>Tratamiento quiropr\u00e1ctico de manipulaci\u00f3n espinal:<\/h3>\t\t\t\n\t\t\t\t<p>Realice ajustes quiropr\u00e1cticos con las manos o con un dispositivo para aplicar una fuerza controlada a una articulaci\u00f3n de la columna, movi\u00e9ndola m\u00e1s all\u00e1 de su rango de movimiento pasivo. La cantidad de fuerza aplicada depende de la forma de ajuste quiropr\u00e1ctico utilizado. El objetivo del tratamiento es aliviar el dolor, aumentar el funcionamiento f\u00edsico y maximizar el potencial curativo de su cuerpo.<\/p>\n\t<a href=\"https:\/\/opdahlchiropractic.net\/es\/auto-injury\/massage\/\" target=\"_blank\" rel=\"noopener\" aria-label=\"Vaya a https:\/\/opdahlchiropractic.net\/auto-injury\/massage\/\"><\/a>\n\t\t\t\t<img decoding=\"async\" src=\"https:\/\/opdahlchiropractic.net\/wp-content\/uploads\/2016\/09\/massage-therapy.jpeg\" alt=\"massage-therapy\" title=\"Terapia de Masajes\" itemprop=\"image\"\/>\n\t\t<h3><a href=\"https:\/\/opdahlchiropractic.net\/es\/auto-injury\/massage\/\">Terapia de Masajes<\/a><\/h3>\t\t\t\n\t\t\t\t<p>El masaje es el trabajo de capas superficiales y profundas de m\u00fasculo y tejido conectivo para mejorar la funci\u00f3n, ayudar en el proceso de curaci\u00f3n y promover la relajaci\u00f3n y el bienestar.<\/p>\n\t\t\t<h3>Tracci\u00f3n intersegmental:<\/h3>\t\t\t\n\t\t\t\t<p>Es una forma de inducir un movimiento pasivo en la columna con el fin de estirar las articulaciones de la columna y aumentar la movilidad de la columna.<\/p>\n<p>Dado que los discos tienen un suministro sangu\u00edneo deficiente, obtienen nutrientes de la circulaci\u00f3n de los fluidos que rodean las articulaciones de la columna. Las fijaciones impiden esta circulaci\u00f3n natural y pueden provocar adelgazamiento y degeneraci\u00f3n del disco. La tracci\u00f3n intersegmental ayuda a aumentar y restaurar la elasticidad y el movimiento necesarios de la columna.<\/p>\n\t\t\t\t<img decoding=\"async\" src=\"https:\/\/opdahlchiropractic.net\/wp-content\/uploads\/2016\/10\/chiropracticbiophysics-posture.png\" alt=\"chiropracticbiophysics-posture\" title=\"quiropr\u00e1cticabiof\u00edsica-postura\" itemprop=\"image\"\/>\n\t\t<h3>Biof\u00edsica Quiropr\u00e1ctica CBP:<\/h3>\t\t\t\n\t\t\t\t<p>La Biof\u00edsica Quiropr\u00e1ctica aplica los principios de la ingenier\u00eda mec\u00e1nica hacia la correcci\u00f3n de la columna humana. Cuando la curvatura de la columna se ha alterado respecto de su posici\u00f3n cl\u00ednica normal, los pacientes pueden experimentar un menor estado de salud general. La pr\u00e1ctica de CBP intenta restaurar la curvatura natural de la columna.<\/p>\n\t<a href=\"https:\/\/opdahlchiropractic.net\/es\/auto-injury\/\" target=\"_blank\" rel=\"noopener\" aria-label=\"Vaya a https:\/\/opdahlchiropractic.net\/auto-injury\/\"><\/a>\n\t\t\t\t<img decoding=\"async\" src=\"https:\/\/opdahlchiropractic.net\/wp-content\/uploads\/2016\/09\/Injury-Rehab.jpg\" alt=\"injury-rehab\" title=\"rehabilitaci\u00f3n de lesiones\" itemprop=\"image\"\/>\n\t\t<h3><a href=\"https:\/\/opdahlchiropractic.net\/es\/auto-injury\/\">Rehabilitaci\u00f3n de lesiones por accidentes:<\/a><\/h3>\t\t\t\n\t\t\t\t<p>La medicina f\u00edsica de rehabilitaci\u00f3n utiliza ejercicios activos y de resistencia para aumentar la fuerza y la movilidad del tejido lesionado. La rehabilitaci\u00f3n ayuda a los pacientes a recuperarse de lesiones f\u00edsicas de la manera m\u00e1s r\u00e1pida y completa posible, evitando que se vuelvan a lesionar. La terapia de descompresi\u00f3n espinal ha salvado a miles de hombres y mujeres del dolor de espalda sin cirug\u00eda.<\/p>\n<h2>\n\t\t<a href=\"https:\/\/opdahlchiropractic.net\/es\/insurance-faq\/first-visit\/\" title=\"Obtenga m\u00e1s informaci\u00f3n sobre qu\u00e9 esperar en su primera visita\" target=\"_self\" rel=\"noopener\">\n\t\tObtenga m\u00e1s informaci\u00f3n sobre qu\u00e9 esperar en su primera visita\n\t\t<\/a>\n\t<\/h2>\n\t\t\t<h2>LEER M\u00c1S SOBRE EL CUIDADO QUIROPR\u00c1CTICO<\/h2>","protected":false},"excerpt":{"rendered":"<p>OPDAHL CHIROPRACTIC EN WOODLAND, WA \u00a1SOMOS SUS ESPECIALISTAS EN ACCIDENTES DE AUTO! Aprenda c\u00f3mo podemos ayudarlo a recuperarse de un accidente automovil\u00edstico. Cl\u00ednicas ubicadas en Battle Ground, East Vancouver, Gresham, Hazel Dell y Woodland Descubra terapias efectivas de quiropr\u00e1ctica y medicina de masaje para aliviar su \u00a1Dolor, reduzca sus espasmos musculares y aumente su movilidad r\u00e1pidamente! Un equipo experto de\u2026<\/p>","protected":false},"author":3,"featured_media":0,"parent":0,"menu_order":0,"comment_status":"closed","ping_status":"closed","template":"","meta":{"_seopress_robots_primary_cat":"","_seopress_titles_title":"Opdahl Chiropractic and Massage - Woodland","_seopress_titles_desc":"Expert chiropractic care for car accidents, injuries, neck, back, &amp; joint pain serving Woodland, WA. Find relief and regain mobility today!","_seopress_robots_index":"","inline_featured_image":false,"footnotes":""},"class_list":["post-1096","page","type-page","status-publish","hentry"],"_links":{"self":[{"href":"https:\/\/opdahlchiropractic.net\/es\/wp-json\/wp\/v2\/pages\/1096","targetHints":{"allow":["GET"]}}],"collection":[{"href":"https:\/\/opdahlchiropractic.net\/es\/wp-json\/wp\/v2\/pages"}],"about":[{"href":"https:\/\/opdahlchiropractic.net\/es\/wp-json\/wp\/v2\/types\/page"}],"author":[{"embeddable":true,"href":"https:\/\/opdahlchiropractic.net\/es\/wp-json\/wp\/v2\/users\/3"}],"replies":[{"embeddable":true,"href":"https:\/\/opdahlchiropractic.net\/es\/wp-json\/wp\/v2\/comments?post=1096"}],"version-history":[{"count":12,"href":"https:\/\/opdahlchiropractic.net\/es\/wp-json\/wp\/v2\/pages\/1096\/revisions"}],"predecessor-version":[{"id":1301,"href":"https:\/\/opdahlchiropractic.net\/es\/wp-json\/wp\/v2\/pages\/1096\/revisions\/1301"}],"wp:attachment":[{"href":"https:\/\/opdahlchiropractic.net\/es\/wp-json\/wp\/v2\/media?parent=1096"}],"curies":[{"name":"wp","href":"https:\/\/api.w.org\/{rel}","templated":true}]}}